{"id":313,"date":"2025-12-05T12:05:45","date_gmt":"2025-12-05T12:05:45","guid":{"rendered":"https:\/\/ciamerceframis.com\/?page_id=313"},"modified":"2026-03-04T10:00:44","modified_gmt":"2026-03-04T10:00:44","slug":"legal-notice-2","status":"publish","type":"page","link":"https:\/\/ciamerceframis.com\/en\/avis-legal\/","title":{"rendered":"Legal notice"},"content":{"rendered":"<style>.elementor-313 .elementor-element.elementor-element-6d5c162d{--display:flex;--padding-top:1em;--padding-bottom:1em;--padding-left:1em;--padding-right:1em;}.elementor-313 .elementor-element.elementor-element-42d0b317{color:var( --e-global-color-primary );}@media(min-width:768px){.elementor-313 .elementor-element.elementor-element-6d5c162d{--content-width:981px;}}<\/style>\t\t<div data-elementor-type=\"wp-page\" data-elementor-id=\"313\" class=\"elementor elementor-313\" data-elementor-post-type=\"page\">\n\t\t\t\t<div class=\"elementor-element elementor-element-6d5c162d e-flex e-con-boxed e-con e-parent\" data-id=\"6d5c162d\" data-element_type=\"container\" data-e-type=\"container\">\n\t\t\t\t\t<div class=\"e-con-inner\">\n\t\t\t\t<div class=\"elementor-element elementor-element-d8172fe elementor-widget elementor-widget-heading\" data-id=\"d8172fe\" data-element_type=\"widget\" data-e-type=\"widget\" data-widget_type=\"heading.default\">\n\t\t\t\t\t<h1 class=\"elementor-heading-title elementor-size-default\">Legal notice<\/h1>\t\t\t\t<\/div>\n\t\t\t\t<div class=\"elementor-element elementor-element-42d0b317 elementor-widget elementor-widget-text-editor\" data-id=\"42d0b317\" data-element_type=\"widget\" data-e-type=\"widget\" data-widget_type=\"text-editor.default\">\n\t\t\t\t\t\t\t\t\t<p><strong>IDENTITY OF THE WEBSITE OWNER<\/strong><\/p>\n<div class=\"ql-block\" data-block-id=\"block-d5b7eef5-e97a-4937-bd94-e76512f763ad\"><strong>Trade name:<\/strong> <strong>Merc\u00e8 Framis Cia<\/strong><\/div>\n<div class=\"ql-block\" data-block-id=\"block-fc5aa315-cd2f-4290-98e5-72b40dbb5001\"><strong>Company name:<\/strong> <strong>MERCEDES CLAUDIA FRAMIS MONTOLIU<\/strong>\u00a0(from now on THE WEBSITE OWNER)<\/div>\n<div class=\"ql-block\" data-block-id=\"block-07ae993a-7889-46b2-a3ed-8e6816b75808\"><strong>Tax ID:<\/strong> <strong>37740382G<\/strong><\/div>\n<div class=\"ql-block\" data-block-id=\"block-0b56568b-98ea-4e49-91e0-dbe5ea39e931\"><strong>Address:<\/strong> <strong>cypress page 10-14<\/strong><\/div>\n<div class=\"ql-block\" data-block-id=\"block-f0da2ccb-22ac-4030-90ab-7023aa91d4d7\"><strong>Telephone:<\/strong> +34\u00a0676789476<\/div>\n<div class=\"ql-block\" data-block-id=\"block-7213b236-eb3b-4899-934d-011372cf80b5\"><strong>Email:<\/strong> <a href=\"mailto:merceframis.teatredombres@gmail.com\">merceframis.teatredombres@gmail.com<\/a><\/div>\n<p><!-- \/wp:paragraph --><!-- wp:paragraph --><\/p>\n<div class=\"ql-block\" data-block-id=\"block-be1e278d-b7e0-4635-bc73-6ed4d0457ac3\"><strong>LEGAL TERMS AND CONDITIONS<\/strong><\/div>\n<div class=\"ql-block\" data-block-id=\"block-a5c6f993-533b-4845-8d32-469c3f6c9e03\">The use of this website attributes to the browser the condition of user of the site, which implies adherence to these conditions in the version published at the time of entry. Therefore, THE OWNER OF THE WEBSITE recommends that the user read them carefully each time they access the website. Access to certain contents offered through this website may be subject to certain specific conditions that, depending on the case, replace, complete and\/or modify these general conditions. Therefore, before accessing and\/or using these contents, the user must also carefully read the corresponding specific conditions. THE OWNER OF THE WEBSITE may alter at any time and without prior notice, the design, presentation and\/or configuration of the website, as well as some or all of the Contents, and modify the general conditions and\/or specific conditions required for their use.<\/div>\n<p>\u00a0<\/p>\n<div class=\"ql-block\" data-block-id=\"block-ec6dc8fa-79f8-4c8e-838d-07ff75eb970d\"><strong>RESPONSIBILITY AND GUARANTEE OF THE WEBSITE OWNER<\/strong><\/div>\n<div class=\"ql-block\" data-block-id=\"block-459ae9d9-fb64-4251-a99e-f5d9b318d6fc\"><strong>ACCESS<\/strong><\/div>\n<div class=\"ql-block\" data-block-id=\"block-3891e2b8-4241-4abb-8ecb-17b37d64ce60\">In general, users may access the website freely and free of charge. However, THE OWNER OF THE WEBSITE reserves the right, in accordance with current legislation, to limit access to certain areas of the website. In these cases, as a prerequisite to accessing the service, the User must register by providing all the requested information, in an updated and real way (see privacy policy). The use of the password is personal and non-transferable, and its transfer, not even temporary, to third parties is not permitted. In this sense, the User undertakes to be diligent and to keep it secret, assuming all responsibility for the consequences of its disclosure to third parties.<\/div>\n<p>\u00a0<\/p>\n<div class=\"ql-block\" data-block-id=\"block-3c74141d-3e39-4513-850a-9c12708f59e1\"><strong>CONTENTS<\/strong><\/div>\n<div class=\"ql-block\" data-block-id=\"block-a1464528-a660-47d4-a535-7fd3ebd671f7\">THE OWNER OF THE WEBSITE reserves the right to interrupt access to its website, as well as the provision of any or all of the Contents provided through it at any time and without prior notice, whether for technical, security, control, maintenance reasons, power supply failures or any other cause. This interruption may be temporary or definitive, in which case the Users will be notified of this circumstance, who may suffer the loss, if applicable, of the information stored in the different services. Consequently, THE OWNER OF THE WEBSITE does not guarantee the reliability, availability or continuity of its website or the Contents, both its own and those of other websites that can be accessed through links, so that the use of the same by the User is carried out at their own expense and risk, without, at any time, being able to demand responsibilities from THE OWNER OF THE WEBSITE in this regard. THE WEBSITE OWNER will not be liable for any type of damage, losses, claims or expenses of any kind, of the Information acquired or accessed by or through the website, of computer viruses, of operational failures or interruptions in the service or transmission, or failures in the line. It is prohibited to transmit or send through the website any illegal or illicit content, computer viruses, or messages that, in general, affect or violate the rights of THE WEBSITE OWNER or third parties.<\/div>\n<p>\u00a0<\/p>\n<div class=\"ql-block\" data-block-id=\"block-d5fe0659-de49-4cf2-93cc-c2712324639e\"><strong>INDUSTRIAL AND INTELLECTUAL PROPERTY<\/strong><\/div>\n<div class=\"ql-block\" data-block-id=\"block-085ff37a-5c34-4426-8531-5022e6fb29f2\">This website is owned by THE OWNER OF THE WEBSITE. The Intellectual Property rights and rights of exploitation and reproduction of this website, its pages, screens, the information they contain, its appearance and design, as well as the links established from it to other pages, are the exclusive property of the same, unless otherwise specified. All the names, designs and\/or logos that make up this page are duly registered trademarks. Any improper use of them by a person other than their legitimate owner may be prosecuted in accordance with current legislation. The intellectual property rights and trademarks of third parties are conveniently highlighted and must be respected by anyone who accesses the website. Only for personal and private use is it allowed to download the contents, copy or print any page of this Website. It is prohibited to reproduce, transmit, modify or delete the information, content or warnings of this website without the prior written authorization of THE OWNER OF THE WEBSITE.<\/div>\n<p>\u00a0<\/p>\n<div class=\"ql-block\" data-block-id=\"block-46165d1f-014f-4d26-b153-0a80d916564d\"><strong>APPLICABLE LEGISLATION<\/strong><\/div>\n<div class=\"ql-block\" data-block-id=\"block-8a62095c-ee1d-40d4-9031-20b9c82dbead\">These general conditions are governed by Spanish legislation.<\/div>\n<p>\u00a0<\/p>\n<div class=\"ql-block\" data-block-id=\"block-5aa72ce7-835b-465d-b089-ac1d7ed5e8a6\"><strong>PRIVACY POLICY<\/strong><\/div>\n<div class=\"ql-block\" data-block-id=\"block-1463ceb2-f6a3-4e80-8e7e-5b6b42229837\">For the purposes of the provisions of current regulations relating to the protection of personal data, THE OWNER OF THE WEBSITE informs that the personal data that you may provide us while browsing our website will be incorporated into a data processing under the responsibility of THE OWNER OF THE WEBSITE, with the sole purpose of being able to manage your request. Only if the user has given their express consent, THE OWNER OF THE WEBSITE will send you information; technical, operational and commercial, by any means, including email and\/or equivalent means, about products, services, offers and news that we consider of interest to the user. THE OWNER OF THE WEBSITE undertakes to comply with its obligation of secrecy of personal data and its duty to keep it and will adopt the necessary measures to prevent its alteration, loss, treatment or unauthorized access, taking into account at all times the state of technology, complying with technical and organizational security measures. Finally, we inform you about the possibility of exercising the rights of access, rectification, cancellation and opposition through a form addressed to the system administrator.<\/div>\n<p><!-- \/wp:paragraph --><!-- wp:paragraph --><\/p>\n<p>\u00a0<\/p>\n<p><!-- \/wp:paragraph --><\/p>\t\t\t\t\t\t\t\t<\/div>\n\t\t\t\t\t<\/div>\n\t\t\t\t<\/div>\n\t\t\t\t<\/div>","protected":false},"excerpt":{"rendered":"<p>IDENTITAT DEL TITULAR DEL LLOC WEB Nom comercial: Cia Merc\u00e8 Framis Denominaci\u00f3 social: MERCEDES CLAUDIA FRAMIS MONTOLIU\u00a0(des d&#8217;ara EL TITULAR DEL WEB) NIF: 37740382G Adre\u00e7a: pge xiprer 10-14 Tel\u00e8fon: +34\u00a0676789476 Correu electr\u00f2nic: merceframis.teatredombres@gmail.com TERMES LEGALS I CONDICIONS La utilitzaci\u00f3 d&#8217;aquest lloc web atribueix al navegant la condici\u00f3 d&#8217;usuari del lloc, cosa que implica l&#8217;adhesi\u00f3 a [&hellip;]<\/p>\n","protected":false},"author":1,"featured_media":0,"parent":0,"menu_order":0,"comment_status":"closed","ping_status":"closed","template":"","meta":{"footnotes":""},"class_list":["post-313","page","type-page","status-publish","hentry"],"_links":{"self":[{"href":"https:\/\/ciamerceframis.com\/en\/wp-json\/wp\/v2\/pages\/313","targetHints":{"allow":["GET"]}}],"collection":[{"href":"https:\/\/ciamerceframis.com\/en\/wp-json\/wp\/v2\/pages"}],"about":[{"href":"https:\/\/ciamerceframis.com\/en\/wp-json\/wp\/v2\/types\/page"}],"author":[{"embeddable":true,"href":"https:\/\/ciamerceframis.com\/en\/wp-json\/wp\/v2\/users\/1"}],"replies":[{"embeddable":true,"href":"https:\/\/ciamerceframis.com\/en\/wp-json\/wp\/v2\/comments?post=313"}],"version-history":[{"count":12,"href":"https:\/\/ciamerceframis.com\/en\/wp-json\/wp\/v2\/pages\/313\/revisions"}],"predecessor-version":[{"id":1456,"href":"https:\/\/ciamerceframis.com\/en\/wp-json\/wp\/v2\/pages\/313\/revisions\/1456"}],"wp:attachment":[{"href":"https:\/\/ciamerceframis.com\/en\/wp-json\/wp\/v2\/media?parent=313"}],"curies":[{"name":"wp","href":"https:\/\/api.w.org\/{rel}","templated":true}]}}