{"id":318,"date":"2025-12-05T12:10:22","date_gmt":"2025-12-05T12:10:22","guid":{"rendered":"https:\/\/ciamerceframis.com\/?page_id=318"},"modified":"2026-03-04T11:25:18","modified_gmt":"2026-03-04T11:25:18","slug":"cookie-policy","status":"publish","type":"page","link":"https:\/\/ciamerceframis.com\/en\/politica-de-cookies\/","title":{"rendered":"Cookie policy"},"content":{"rendered":"<style>.elementor-318 .elementor-element.elementor-element-6d5c162d{--display:flex;--padding-top:1em;--padding-bottom:1em;--padding-left:1em;--padding-right:1em;}.elementor-318 .elementor-element.elementor-element-42d0b317{color:var( --e-global-color-primary );}@media(min-width:768px){.elementor-318 .elementor-element.elementor-element-6d5c162d{--content-width:981px;}}<\/style>\t\t<div data-elementor-type=\"wp-page\" data-elementor-id=\"318\" class=\"elementor elementor-318\" data-elementor-post-type=\"page\">\n\t\t\t\t<div class=\"elementor-element elementor-element-6d5c162d e-flex e-con-boxed e-con e-parent\" data-id=\"6d5c162d\" data-element_type=\"container\" data-e-type=\"container\">\n\t\t\t\t\t<div class=\"e-con-inner\">\n\t\t\t\t<div class=\"elementor-element elementor-element-d8172fe elementor-widget elementor-widget-heading\" data-id=\"d8172fe\" data-element_type=\"widget\" data-e-type=\"widget\" data-widget_type=\"heading.default\">\n\t\t\t\t\t<h1 class=\"elementor-heading-title elementor-size-default\">Cookie policy<\/h1>\t\t\t\t<\/div>\n\t\t\t\t<div class=\"elementor-element elementor-element-42d0b317 elementor-widget elementor-widget-text-editor\" data-id=\"42d0b317\" data-element_type=\"widget\" data-e-type=\"widget\" data-widget_type=\"text-editor.default\">\n\t\t\t\t\t\t\t\t\t<div class=\"ql-block\" data-block-id=\"block-5059da2b-b42f-4d30-aade-a95fd3cb9cc4\"><strong>What are cookies?<\/strong><\/div><div class=\"ql-block\" data-block-id=\"block-3a8256c8-f8a5-4f7c-8313-f7bc0df38339\">Cookies are small data files that are received on the terminal from the website visited and are used to record certain navigation interactions on a website by storing data that can be updated and retrieved. These files are stored on the user&#039;s computer and contain anonymous data that is not harmful to their computer. They are used to remember the user&#039;s preferences, such as the selected language, access data or page personalization.<\/div><p>\u00a0<\/p><div class=\"ql-block\" data-block-id=\"block-8ed44168-5c7d-4be5-ab7e-37f948a15721\">Cookies can also be used to record anonymous information about how the visitor uses the site. For example, from which web page they accessed it or if they used an advertising banner to reach it.<\/div><p>\u00a0<\/p><div class=\"ql-block\" data-block-id=\"block-f958ea19-d489-4c92-a79d-700df72b1c68\"><strong>Why does this website use cookies?<\/strong><\/div><div class=\"ql-block\" data-block-id=\"block-a10cd974-ef7f-4f50-bee1-ab9da8684980\">THIS WEBSITE uses cookies that are strictly necessary and essential for you to use our websites and be able to move freely, use secure areas, configure personalized options, etc. It also uses cookies that collect data related to the analysis of website use. These are used to help improve the service for the user, measuring the use and performance of the page to optimize and personalize it.<\/div><p>\u00a0<\/p><div class=\"ql-block\" data-block-id=\"block-8d270d9b-107b-4af2-aa2f-dbf08c56e340\">Our sites may also have links to social networks (such as Facebook or Twitter). THIS WEBSITE does not control the cookies used by these external websites. For more information about cookies on social networks or other third-party websites, we recommend that you review their own cookie policies.<\/div><p>\u00a0<\/p><div class=\"ql-block\" data-block-id=\"block-e6968431-ed82-4188-88cf-0161284a8cb0\"><strong>What use do we give to the different types of cookies?<\/strong><\/div><div class=\"ql-block\" data-block-id=\"block-2240f4d9-7f27-45ee-b96f-cd039b85074c\"><strong>According to its purpose:<\/strong><\/div><div class=\"ql-block\" data-block-id=\"block-41d30645-7199-41ce-9289-e3a4fddd09be\">Technical cookies<\/div><div class=\"ql-block\" data-block-id=\"block-40953de0-4a7f-4e62-81a8-55fa1386a7ab\">Cookies are essential and strictly necessary techniques for the correct functioning of a web portal and the use of the different options and services it offers.<\/div><p>\u00a0<\/p><div class=\"ql-block\" data-block-id=\"block-796e5016-8d82-43e0-8dd7-83e6d906d815\">For example, those that serve to maintain the session, manage response time, perform or validate options, use of security elements, share content with social networks, etc.<\/div><p>\u00a0<\/p><div class=\"ql-block\" data-block-id=\"block-40a02bdc-9e3d-415a-93ff-b3e870018520\">Personalization cookies<\/div><div class=\"ql-block\" data-block-id=\"block-49fd77b9-aa3b-4d30-9a7b-133795a6a068\">These cookies allow the user to specify or personalize some features of the general options of the website. For example, define the language, regional configuration or browser type.<\/div><p>\u00a0<\/p><div class=\"ql-block\" data-block-id=\"block-ed99a85f-e80c-4d5d-9d0e-f8cf00320cb1\">Analytical cookies<\/div><div class=\"ql-block\" data-block-id=\"block-d8290a33-08af-4299-8c72-0c7b544b3833\">Analytical cookies are those used by our web portals to create browsing profiles and learn about user preferences in order to improve the range of products and services offered.<\/div><p>\u00a0<\/p><div class=\"ql-block\" data-block-id=\"block-6beb719b-3735-440e-9fa6-607c17641912\">For example, an analytical cookie would be used to control the geographical areas of greatest interest to a user, which product is most widely accepted, etc.<\/div><p>\u00a0<\/p><div class=\"ql-block\" data-block-id=\"block-f9df471d-c6f0-4fe4-bb70-dfb906a50d4b\">Advertising\/marketing cookies<\/div><div class=\"ql-block\" data-block-id=\"block-326ccb5b-7b1f-40d2-a8a1-5bbd2b7aa32d\">Advertising cookies allow the management of advertising spaces according to specific criteria. For example, frequency of access, edited content, etc.<\/div><p>\u00a0<\/p><div class=\"ql-block\" data-block-id=\"block-cab3efe1-f7e9-49bb-8fe8-0c04dc467e4a\">Advertising cookies allow, through advertising management, to store behavioral information through the observation of habits, studying accesses and forming a profile of user preferences, to offer them advertising related to the interests of their profile.<\/div><p>\u00a0<\/p><div class=\"ql-block\" data-block-id=\"block-37b6261e-8bb0-4f17-b249-bc42e012365e\"><strong>According to term:<\/strong><\/div><div class=\"ql-block\" data-block-id=\"block-b261524c-f208-4041-95cb-673017023a76\">Session cookies<\/div><div class=\"ql-block\" data-block-id=\"block-9eb3a3f4-04e3-427e-9585-d9cb79f00c0e\">Session cookies are those that last for the time that the user is browsing the website and are deleted when they finish doing so.<\/div><p>\u00a0<\/p><div class=\"ql-block\" data-block-id=\"block-419bbddb-7838-4a24-919f-8e7fa94ed034\">Persistent cookies<\/div><div class=\"ql-block\" data-block-id=\"block-541689c7-d789-439d-8090-52cf28e9f571\">These cookies are stored on the user&#039;s terminal for a longer time, thus facilitating control of the chosen preferences without having to repeat certain parameters each time the website is visited.<\/div><p>\u00a0<\/p><div class=\"ql-block\" data-block-id=\"block-af4799a1-4885-4f53-b184-43df01fac74b\"><strong>What if I don&#039;t want to have these cookies or I don&#039;t do anything?<\/strong><\/div><div class=\"ql-block\" data-block-id=\"block-b0a6beb8-4f45-4463-ba34-fb7603b3a824\">To comply with current legislation, we must ask you for permission to manage cookies. If you decide not to authorize the processing by indicating that you do not agree, we would only use technical cookies, as they are essential for browsing our website. In this case, we would not store any cookies. If you continue browsing our website without denying your authorization, this implies that you accept their use.<\/div><p>\u00a0<\/p><div class=\"ql-block\" data-block-id=\"block-e6edf89d-73f0-4f94-989d-8c226156be16\">Please note that if you reject or delete web browsing cookies, we will not be able to maintain your preferences, some features of the pages will not be operational, we will not be able to offer you personalized services and each time you browse our website we will have to request your authorization again for the use of cookies.<\/div><p>\u00a0<\/p><div class=\"ql-block\" data-block-id=\"block-ecee6473-2922-46bf-b729-b1c630bcb5d9\">If, however, you decide to modify the configuration of your access to the website, you should know that it is possible to delete cookies or prevent this information from being recorded on your computer at any time by modifying the configuration parameters of your browser:<\/div><p>\u00a0<\/p><ul><li><a class=\"ql-link\" href=\"https:\/\/windows.microsoft.com\/es-es\/windows-vista\/block-or-allow-cookies\" target=\"_blank\" rel=\"noopener noreferrer\">Configuration of<\/a> <em><a class=\"ql-link\" href=\"https:\/\/windows.microsoft.com\/es-es\/windows-vista\/block-or-allow-cookies\" target=\"_blank\" rel=\"noopener noreferrer\">cookies<\/a><\/em> <a class=\"ql-link\" href=\"https:\/\/windows.microsoft.com\/es-es\/windows-vista\/block-or-allow-cookies\" target=\"_blank\" rel=\"noopener noreferrer\">from Internet Explorer<\/a><\/li><li><a class=\"ql-link\" href=\"https:\/\/support.mozilla.org\/ca\/kb\/enable-and-disable-cookies-website-preferences\" target=\"_blank\" rel=\"noopener noreferrer\">Configuration of<\/a> <em><a class=\"ql-link\" href=\"https:\/\/support.mozilla.org\/ca\/kb\/enable-and-disable-cookies-website-preferences\" target=\"_blank\" rel=\"noopener noreferrer\">cookies<\/a><\/em> <a class=\"ql-link\" href=\"https:\/\/support.mozilla.org\/ca\/kb\/enable-and-disable-cookies-website-preferences\" target=\"_blank\" rel=\"noopener noreferrer\">from Firefox<\/a><\/li><li><a class=\"ql-link\" href=\"https:\/\/support.google.com\/chrome\/answer\/95647?hl=ca\" target=\"_blank\" rel=\"noopener noreferrer\">Configuration of<\/a> <em><a class=\"ql-link\" href=\"https:\/\/support.google.com\/chrome\/answer\/95647?hl=ca\" target=\"_blank\" rel=\"noopener noreferrer\">cookies<\/a><\/em> <a class=\"ql-link\" href=\"https:\/\/support.google.com\/chrome\/answer\/95647?hl=ca\" target=\"_blank\" rel=\"noopener noreferrer\">from Google Chrome<\/a><\/li><li><a class=\"ql-link\" href=\"https:\/\/support.apple.com\/kb\/HT1677?viewlocale=es_ES&amp;locale=es_ES\" target=\"_blank\" rel=\"noopener noreferrer\">Configuration of<\/a> <em><a class=\"ql-link\" href=\"https:\/\/support.apple.com\/kb\/HT1677?viewlocale=es_ES&amp;locale=es_ES\" target=\"_blank\" rel=\"noopener noreferrer\">cookies<\/a><\/em> <a class=\"ql-link\" href=\"https:\/\/support.apple.com\/kb\/HT1677?viewlocale=es_ES&amp;locale=es_ES\" target=\"_blank\" rel=\"noopener noreferrer\">Safari<\/a><\/li><\/ul><p>\u00a0<\/p><div class=\"ql-block\" data-block-id=\"block-7ae40c3d-cdd4-4920-8154-2046ebdf1243\">These browsers are subject to updates or modifications, so we cannot guarantee that they will fully adapt to your browser version. You may also be using another browser not included in these links, such as Konqueror, Arora, Flock, etc.<\/div><p>\u00a0<\/p><div class=\"ql-block\" data-block-id=\"block-57576b71-a5c8-4a7d-852d-1943f290667f\">To avoid these mismatches, you can access them directly from your browser options, which are generally found in the Options menu, in the \u201cPrivacy\u201d section. (Please consult your browser&#039;s help for more information.)<\/div><p>\u00a0<\/p><div class=\"ql-block\" data-block-id=\"block-dc3b54cc-75ab-48e2-9e4f-ec010d12b788\"><strong>Is the data collected in cookies used on websites that are not THIS WEBSITE?<\/strong><\/div><div class=\"ql-block\" data-block-id=\"block-15441f4c-091a-42b3-9d7a-c03099daa2e7\">Some of our cookies are used to generate advertising on third-party networks or to perform analytics for which we use tools external to THIS WEBSITE. The cookies used are for the exclusive use of the bank and its group of companies, which in no case commercializes them.<\/div><div class=\"ql-block\" data-block-id=\"block-0efee7e2-7347-4de6-92ff-75eea7ae51a7\">On this WEBSITE we work with trusted providers who help us in the management and personalization of our web pages.<\/div><p>\u00a0<\/p><div class=\"ql-block\" data-block-id=\"block-24766ccf-0b93-4647-a1bb-3857ef754e14\"><strong>So what does the above information mean?<\/strong><\/div><div class=\"ql-block\" data-block-id=\"block-8e3bf6c2-d46e-479a-aaee-df1ce24c425e\">If you accept our cookies, you allow us to improve the websites of THIS WEBSITE to offer you optimal access and give you a more effective and personalized service.<\/div><p>\u00a0<\/p><div class=\"ql-block\" data-block-id=\"block-48878699-5b35-400d-b882-711b3b7c67e7\">Additionally, you can configure your browser to establish that only trusted websites or the pages you are currently browsing can manage cookies, which allows you to select your preferences.<\/div><p>\u00a0<\/p><div class=\"ql-block\" data-block-id=\"block-763f6e75-914f-421e-bcbd-1a838fbfa5a6\">With this policy, THIS WEBSITE demonstrates its commitment to current legislation on the use of cookies, providing you with information so that you can understand what type of cookies we will use and why we do it. With this we aim to provide you with transparency in relation to the data processed during navigation from your computer on our website.<\/div><div class=\"ql-block\" data-block-id=\"block-86dd4823-cdb5-41e5-9361-67fdfc5560b8\">This policy is reviewed periodically to ensure its validity, so it may be modified. We recommend that you visit the page regularly, where we will inform you of any updates.<\/div><p>\u00a0<\/p><div class=\"ql-block\" data-block-id=\"block-10a84f6a-42dc-4504-8cfc-42539db7da71\"><strong>Where can I get more information?<\/strong><\/div><div class=\"ql-block\" data-block-id=\"block-08d8d43d-f39b-44b1-b9e4-e1ee5d06732f\">If you need more information about the cookie directive, please consult the Official State Gazette published on March 31, 2012 (for Spain), which transposes the directives on electronic communications. The directive can also be consulted at\u2019<a class=\"ql-link\" href=\"https:\/\/ico.org.uk\/\" target=\"_blank\" rel=\"noopener noreferrer\">Information Commissioner&#039;s Office<\/a> (in English).<\/div><p>\u00a0<\/p><div class=\"ql-block\" data-block-id=\"block-c762d0aa-6f4a-4e0b-8243-fb42505eef01\">Additionally, you can access some educational videos published by the Spanish Data Protection Agency which explain, step by step, how to configure the privacy options of browsers, social networks and the most common mobile operating systems, in <a class=\"ql-link\" href=\"https:\/\/www.youtube.com\/user\/desdelaAEPD\" target=\"_blank\" rel=\"noopener noreferrer\">AEPD Videos<\/a>.<\/div>\t\t\t\t\t\t\t\t<\/div>\n\t\t\t\t\t<\/div>\n\t\t\t\t<\/div>\n\t\t\t\t<\/div>","protected":false},"excerpt":{"rendered":"<p>Qu\u00e8 s\u00f3n les cookies?Les cookies s\u00f3n petits arxius de dades que es reben al terminal des del lloc web visitat i s&#8217;utilitzen per registrar certes interaccions de la navegaci\u00f3 en un lloc web emmagatzemant dades que podran ser actualitzades i recuperades. Aquests arxius s&#8217;emmagatzemen a l&#8217;ordinador de l&#8217;usuari i contenen dades an\u00f2nimes que no s\u00f3n [&hellip;]<\/p>\n","protected":false},"author":1,"featured_media":0,"parent":0,"menu_order":0,"comment_status":"closed","ping_status":"closed","template":"","meta":{"footnotes":""},"class_list":["post-318","page","type-page","status-publish","hentry"],"_links":{"self":[{"href":"https:\/\/ciamerceframis.com\/en\/wp-json\/wp\/v2\/pages\/318","targetHints":{"allow":["GET"]}}],"collection":[{"href":"https:\/\/ciamerceframis.com\/en\/wp-json\/wp\/v2\/pages"}],"about":[{"href":"https:\/\/ciamerceframis.com\/en\/wp-json\/wp\/v2\/types\/page"}],"author":[{"embeddable":true,"href":"https:\/\/ciamerceframis.com\/en\/wp-json\/wp\/v2\/users\/1"}],"replies":[{"embeddable":true,"href":"https:\/\/ciamerceframis.com\/en\/wp-json\/wp\/v2\/comments?post=318"}],"version-history":[{"count":7,"href":"https:\/\/ciamerceframis.com\/en\/wp-json\/wp\/v2\/pages\/318\/revisions"}],"predecessor-version":[{"id":1469,"href":"https:\/\/ciamerceframis.com\/en\/wp-json\/wp\/v2\/pages\/318\/revisions\/1469"}],"wp:attachment":[{"href":"https:\/\/ciamerceframis.com\/en\/wp-json\/wp\/v2\/media?parent=318"}],"curies":[{"name":"wp","href":"https:\/\/api.w.org\/{rel}","templated":true}]}}