{"id":328,"date":"2025-12-05T12:16:20","date_gmt":"2025-12-05T12:16:20","guid":{"rendered":"https:\/\/ciamerceframis.com\/?page_id=328"},"modified":"2026-03-04T11:22:06","modified_gmt":"2026-03-04T11:22:06","slug":"privacy-policy","status":"publish","type":"page","link":"https:\/\/ciamerceframis.com\/en\/politica-de-privacitat\/","title":{"rendered":"Privacy policy"},"content":{"rendered":"<style>.elementor-328 .elementor-element.elementor-element-6d5c162d{--display:flex;--padding-top:1em;--padding-bottom:1em;--padding-left:1em;--padding-right:1em;}.elementor-328 .elementor-element.elementor-element-42d0b317{color:var( --e-global-color-primary );}@media(min-width:768px){.elementor-328 .elementor-element.elementor-element-6d5c162d{--content-width:981px;}}<\/style>\t\t<div data-elementor-type=\"wp-page\" data-elementor-id=\"328\" class=\"elementor elementor-328\" data-elementor-post-type=\"page\">\n\t\t\t\t<div class=\"elementor-element elementor-element-6d5c162d e-flex e-con-boxed e-con e-parent\" data-id=\"6d5c162d\" data-element_type=\"container\" data-e-type=\"container\">\n\t\t\t\t\t<div class=\"e-con-inner\">\n\t\t\t\t<div class=\"elementor-element elementor-element-d8172fe elementor-widget elementor-widget-heading\" data-id=\"d8172fe\" data-element_type=\"widget\" data-e-type=\"widget\" data-widget_type=\"heading.default\">\n\t\t\t\t\t<h1 class=\"elementor-heading-title elementor-size-default\">Privacy policy<\/h1>\t\t\t\t<\/div>\n\t\t\t\t<div class=\"elementor-element elementor-element-42d0b317 elementor-widget elementor-widget-text-editor\" data-id=\"42d0b317\" data-element_type=\"widget\" data-e-type=\"widget\" data-widget_type=\"text-editor.default\">\n\t\t\t\t\t\t\t\t\t<div class=\"ql-block\" data-block-id=\"block-8f2e81a1-0d97-4326-a985-0d126740219e\">This Privacy Policy, together with the Participation Rules and the Legal Notice, constitutes the legal framework that regulates the use of the website. <a href=\"https:\/\/ciamerceframis.com\/en\/\">https:\/\/ciamerceframis.com\/<\/a><span class=\"ql-badge ql-badge-orange\" data-test=\"ql-badge-orange\">.<\/span> This Privacy Policy specifically regulates the use and treatment that THE COMPANY gives to your personal data as a user of the Website, since by accessing this website you become a user of this website (hereinafter, the \u2019User\u201c).<br \/><br \/><\/div>\n<div class=\"ql-block\" data-block-id=\"block-3d5e34ff-f939-4413-abd5-b9189f7b7106\"><strong>This website is owned by:<\/strong><\/div>\n<div class=\"ql-block\" data-block-id=\"block-226518ed-4169-4e3c-b772-fd4b51025795\">MERCEDES CLAUDIA FRAMIS MONTOLIU, with registered office at pge xiprer 10-14 and CIF: 37740382G, hereinafter THE COMPANY.<\/div>\n<div class=\"ql-block\" data-block-id=\"block-b89b3250-acf5-4626-9ee2-8f6a5a8795ce\">On the Website you will find this Privacy Policy in Catalan available for you to consult, archive or print at any time. It may vary over time as a result of changes to the Website, legislative or jurisprudential developments or because new criteria emerge from the Spanish Data Protection Agency or new European regulations oblige us to make future modifications. Therefore, THE COMPANY reserves the right to modify this Privacy Policy and recommends reading the Privacy Policy carefully whenever you access the Website.<\/div>\n<p>\u00a0<\/p>\n<div class=\"ql-block\" data-block-id=\"block-4a37ceb5-be35-4883-96f2-2b121e5d0997\"><strong>Confidentiality<\/strong><\/div>\n<div class=\"ql-block\" data-block-id=\"block-5bd1aedd-fef8-4331-9ef0-4fcf75d759bd\">THE COMPANY undertakes to comply with its obligation to keep personal data confidential and the duty to keep it confidential and adopts the necessary measures to prevent its alteration, loss, treatment or unauthorized access, taking into account the state of technology at all times.<\/div>\n<p>\u00a0<\/p>\n<div class=\"ql-block\" data-block-id=\"block-e26e3eb4-3950-4a02-bf08-aba75926fb4b\"><strong>Data security<\/strong><\/div>\n<div class=\"ql-block\" data-block-id=\"block-435f70f4-66e4-4b0c-af40-7190167e4c0b\">THE COMPANY guarantees the adoption of appropriate measures to ensure the confidential treatment of this data. For this reason, it has implemented all the necessary technical and organizational security measures that guarantee the integrity, confidentiality and availability of the personal data provided by the user, in particular those stipulated in the RGPD (General Data Protection Regulation \u2013 EU 2016) \/679, of April 27), which has expanded the scope of Organic Law 15\/1999, of December 13, on the Protection of Personal Data (LOPD) and its Implementing Regulation RD 1720\/2007.<\/div>\n<p>\u00a0<\/p>\n<div class=\"ql-block\" data-block-id=\"block-a4d3d9cf-0f77-4774-9497-f4aea6dc6f25\"><strong>Protection of personal data<\/strong><\/div>\n<div class=\"ql-block\" data-block-id=\"block-a87d2716-6f77-4611-843b-69328dc63e68\">The personal data provided voluntarily will be treated confidentially, under the protection and specifications contained in the current regulations, and will be collected in a file duly registered with the Data Protection Agency, whose responsibility is THE COMPANY, and whose purpose is the management of users and subscribers, as well as the online sale of products and the resolution of queries.<\/div>\n<p>\u00a0<\/p>\n<div class=\"ql-block\" data-block-id=\"block-ed3f21b9-4fea-49a7-8876-0f32baab8049\">The legal basis for data processing is the consent of the subscriber. We process the personal data of those registered in the newsletter for the sole purpose of sending them our newsletter. We process the personal data of registered users and paying subscribers for the sole purpose of managing their relationship with THE COMPANY, collecting fees (if applicable), organizing activities and campaigns and sending informative and commercial communications (also electronically).<\/div>\n<p>\u00a0<\/p>\n<div class=\"ql-block\" data-block-id=\"block-8cbef1b3-b89f-493e-81d6-0950bb3678a7\">Personal data will not be transferred to third parties (except for legal obligation) and will be kept for a period of six (6) years in accordance with current accounting regulations and, where applicable, for ten (10) years according to money laundering prevention regulations.<\/div>\n<p>\u00a0<\/p>\n<div class=\"ql-block\" data-block-id=\"block-3db66f8e-72bc-4191-8aff-21b518b71e10\">The user may access personal data, as well as request the rectification of inaccurate data or, where appropriate, request cancellation or deletion when the data is no longer necessary for the purposes collected. They may also request the limitation, portability and opposition of the processing of their data, in certain circumstances and for reasons related to their particular situation.<\/div>\n<p>\u00a0<\/p>\n<div class=\"ql-block\" data-block-id=\"block-fed87d65-f35e-4ee6-8bce-3c330e306ecb\">You may revoke your consent to the sending of commercial communications and exercise the rights referred to above by sending an email to <a href=\"mailto:merceframis.teatredombres@gmail.com\">merceframis.teatredombres@gmail.com<\/a>\u00a0or by sending an ordinary mail to the person responsible for the file located at the registered address of THE COMPANY, in both cases with the reference: \u201cData Protection\u201d, through a letter signed to that effect and attaching a copy of your ID.<\/div>\n<p>\u00a0<\/p>\n<div class=\"ql-block\" data-block-id=\"block-1da73eaf-92ca-4b00-bd53-09a186e730a5\"><strong>Information about cookies<\/strong><\/div>\n<div class=\"ql-block\" data-block-id=\"block-423deb91-62e2-4e10-896a-44e57db3d14f\">The website uses cookies when the user browses its websites to facilitate personalization and convenience of navigation.<\/div>\n<p>\u00a0<\/p>\n<div class=\"ql-block\" data-block-id=\"block-8316cb89-08b6-4e39-8bb2-8206a5c3b439\">A cookie is a piece of information sent from a web server to a browser that can be returned by the browser on subsequent accesses to that server. Cookies are associated with the anonymous user and their computer and do not themselves provide the user&#039;s name or surname.<\/div>\n<p>\u00a0<\/p>\n<div class=\"ql-block\" data-block-id=\"block-59d6936e-09e2-44df-aff7-f05b41ff35df\">This website uses Google cookies to display advertisements based on previous visits to the website or to other websites that also display Google advertisements. Users can opt out of tracking through advertising cookies by accessing: <a class=\"ql-link\" href=\"https:\/\/www.google.com\/settings\/ads\" target=\"_blank\" rel=\"noopener noreferrer\">https:\/\/www.google.com\/settings\/ads<\/a><\/div>\n<p>\u00a0<\/p>\n<div class=\"ql-block\" data-block-id=\"block-9a739aa8-68d7-404e-8618-e664301787e0\"><strong>Types of cookies<\/strong><\/div>\n<ul>\n<li>Registration Cookies: To identify the user who has logged in.<\/li>\n<li>Advertising Cookies: To be able to offer advertising content related to the user&#039;s interests, either directly or through third parties called Adservers.<\/li>\n<li>Analytical Cookies: To obtain information related to audience measurement.<\/li>\n<li>Geo-location cookies: They provide information about the user&#039;s geographic location.<\/li>\n<\/ul>\n<p>\u00a0<\/p>\n<div class=\"ql-block\" data-block-id=\"block-e1785ce0-3bc0-4acd-883c-2c1120cbc53d\">The user has the possibility of configuring their browser so that they are informed of the reception of &#039;cookies&#039;, with the possibility, if they wish, of preventing them from being installed on their hard drive. However, to access the website, the installation of &#039;cookies&#039; is not mandatory.<\/div>\n<p>\u00a0<\/p>\n<div class=\"ql-block\" data-block-id=\"block-cf1fff07-b406-40da-818f-1f45cc63f841\">Depending on the type of browser the user uses, they can disable the use of cookies in:<\/div>\n<div class=\"ql-block\" data-block-id=\"block-67351401-b48c-4cca-92c9-14035eca8fc5\">Chrome: Settings &gt; Advanced settings &gt; Privacy and security &gt; Content settings<\/div>\n<div class=\"ql-block\" data-block-id=\"block-715a2ce7-6c8f-4fb1-81fe-fd24ddd25fe5\">Firefox: Options &gt; Privacy and Security<\/div>\n<div class=\"ql-block\" data-block-id=\"block-a79ced2d-68cd-4898-b42c-69f5b7bdfaf9\">Edge: Settings &gt; Advanced settings &gt; Privacy and services<\/div>\n<div class=\"ql-block\" data-block-id=\"block-44f47ce7-4a51-4bb2-99f6-93b6f27c0a6b\">Safari: Preferences &gt; Privacy<\/div>\n<p>\u00a0<\/p>\n<div class=\"ql-block\" data-block-id=\"block-bbb3506d-0a7b-4cdc-8cfa-64405a6693c6\"><strong>LSSICE<\/strong><\/div>\n<div class=\"ql-block\" data-block-id=\"block-1e13ca1c-9a9b-4c26-8673-9a9ded100713\">Likewise, we inform you that we do not use this data to send commercial communications by email that are not requested or not expressly and previously authorized by the interested party, according to the provisions of the LSSICE.<\/div>\n<p>\u00a0<\/p>\n<div class=\"ql-block\" data-block-id=\"block-7f6bb8a1-6351-4961-87ed-55f353d23e13\"><strong>Communications<\/strong><\/div>\n<div class=\"ql-block\" data-block-id=\"block-8e5deab0-1b5c-431d-9019-7d8acc1ab712\">To make any notification in relation to this contract, THE COMPANY expressly designates as the address that appears in this text and the user expressly designates as the address that appears in the application form. To carry out the contract, the user is obliged to keep the electronic mail address (e-mail) provided for communications with THE COMPANY operational, active and updated, since it constitutes the preferred means of communication (although not the only one). In general, the user undertakes and is obliged to keep their personal and contact details permanently updated; and must communicate, in a reliable manner, any change. The lack of such communication will imply that the notifications made to the address that appeared in the form will be considered valid.<\/div>\n<p>\u00a0<\/p>\n<div class=\"ql-block\" data-block-id=\"block-bbbd6cf2-4ff2-479d-b66a-02f989b81c23\"><strong>Nullity and ineffectiveness of clauses<\/strong><\/div>\n<div class=\"ql-block\" data-block-id=\"block-dbd7d648-de57-401e-8b4f-8f01c63fdbc1\">If any clause of this Privacy Policy together with the Privacy Policy and the Cookies Policy is declared totally or partially null or ineffective, it will only affect that provision or part thereof that is null or ineffective, the other general conditions remaining in force in all other respects and such provision or part thereof that is affected by not being included, unless, if it is essential to these general conditions, it should affect them in their entirety.<\/div>\n<p>\u00a0<\/p>\n<div class=\"ql-block\" data-block-id=\"block-5cc4d312-141f-49f6-a24c-7aa0ff9ded8c\"><strong>Applicable law and jurisdiction<\/strong><\/div>\n<div class=\"ql-block\" data-block-id=\"block-0f831745-71aa-4983-9e2a-0a5244a777c1\">For the resolution of all disputes or issues related to this website or the activities that are developed, Spanish legislation will be applied in all cases, to which the parties expressly submit. The mere fact of using the services of this website presupposes the express acceptance of this acceptance of Spanish jurisdiction.<\/div>\n<p>\u00a0<\/p>\n<div class=\"ql-block\" data-block-id=\"block-795d2a93-e2d6-4465-9ba3-c1bffd063080\">Likewise, and with the exception of what is expressed in the following paragraph, the parties involved agree that any dispute, discrepancy, question or claim resulting from the execution or interpretation of these conditions or related thereto, or other texts that may exist on the website, will be definitively resolved by submission to the Courts and Tribunals of Barcelona with express renunciation of any other jurisdictional jurisdiction or demarcation that may be competent.<\/div>\n<p>\u00a0<\/p>\n<div class=\"ql-block\" data-block-id=\"block-ff42ab43-c183-483d-be73-5dc8b2602c13\">The previous paragraph does not apply in the event that one of the parties is a consumer or user according to the definition of the Consumer and User Protection Regulations (Royal Legislative Decree 1\/2007, of 16 November, which approves the consolidated text of the General Law for the Defense of Consumers and Users and other complementary laws), in such a case, (and for a related conflict covered by the Law) the place designated in this legislation would be applied preferentially.<\/div>\n<p><!-- \/wp:paragraph --><\/p>\t\t\t\t\t\t\t\t<\/div>\n\t\t\t\t\t<\/div>\n\t\t\t\t<\/div>\n\t\t\t\t<\/div>","protected":false},"excerpt":{"rendered":"<p>La present Pol\u00edtica de Privacitat constitueix juntament amb les Normes de participaci\u00f3 i l&#8217;av\u00eds legal el marc jur\u00eddic que regula l&#8217;\u00fas del lloc web https:\/\/ciamerceframis.com\/. La present Pol\u00edtica de Privacitat en concret regula l&#8217;\u00fas i tractament que L&#8217;EMPRESA d\u00f3na a les seves dades de car\u00e0cter personal com a usuari del Lloc web, ja que en [&hellip;]<\/p>\n","protected":false},"author":1,"featured_media":0,"parent":0,"menu_order":0,"comment_status":"closed","ping_status":"closed","template":"","meta":{"footnotes":""},"class_list":["post-328","page","type-page","status-publish","hentry"],"_links":{"self":[{"href":"https:\/\/ciamerceframis.com\/en\/wp-json\/wp\/v2\/pages\/328","targetHints":{"allow":["GET"]}}],"collection":[{"href":"https:\/\/ciamerceframis.com\/en\/wp-json\/wp\/v2\/pages"}],"about":[{"href":"https:\/\/ciamerceframis.com\/en\/wp-json\/wp\/v2\/types\/page"}],"author":[{"embeddable":true,"href":"https:\/\/ciamerceframis.com\/en\/wp-json\/wp\/v2\/users\/1"}],"replies":[{"embeddable":true,"href":"https:\/\/ciamerceframis.com\/en\/wp-json\/wp\/v2\/comments?post=328"}],"version-history":[{"count":11,"href":"https:\/\/ciamerceframis.com\/en\/wp-json\/wp\/v2\/pages\/328\/revisions"}],"predecessor-version":[{"id":1466,"href":"https:\/\/ciamerceframis.com\/en\/wp-json\/wp\/v2\/pages\/328\/revisions\/1466"}],"wp:attachment":[{"href":"https:\/\/ciamerceframis.com\/en\/wp-json\/wp\/v2\/media?parent=328"}],"curies":[{"name":"wp","href":"https:\/\/api.w.org\/{rel}","templated":true}]}}