{"id":313,"date":"2025-12-05T12:05:45","date_gmt":"2025-12-05T12:05:45","guid":{"rendered":"https:\/\/ciamerceframis.com\/?page_id=313"},"modified":"2026-03-04T10:00:44","modified_gmt":"2026-03-04T10:00:44","slug":"aviso-legal-2","status":"publish","type":"page","link":"https:\/\/ciamerceframis.com\/es\/avis-legal\/","title":{"rendered":"Aviso legal"},"content":{"rendered":"<style>.elementor-313 .elementor-element.elementor-element-6d5c162d{--display:flex;--padding-top:1em;--padding-bottom:1em;--padding-left:1em;--padding-right:1em;}.elementor-313 .elementor-element.elementor-element-42d0b317{color:var( --e-global-color-primary );}@media(min-width:768px){.elementor-313 .elementor-element.elementor-element-6d5c162d{--content-width:981px;}}<\/style>\t\t<div data-elementor-type=\"wp-page\" data-elementor-id=\"313\" class=\"elementor elementor-313\" data-elementor-post-type=\"page\">\n\t\t\t\t<div class=\"elementor-element elementor-element-6d5c162d e-flex e-con-boxed e-con e-parent\" data-id=\"6d5c162d\" data-element_type=\"container\" data-e-type=\"container\">\n\t\t\t\t\t<div class=\"e-con-inner\">\n\t\t\t\t<div class=\"elementor-element elementor-element-d8172fe elementor-widget elementor-widget-heading\" data-id=\"d8172fe\" data-element_type=\"widget\" data-e-type=\"widget\" data-widget_type=\"heading.default\">\n\t\t\t\t\t<h1 class=\"elementor-heading-title elementor-size-default\">Aviso legal<\/h1>\t\t\t\t<\/div>\n\t\t\t\t<div class=\"elementor-element elementor-element-42d0b317 elementor-widget elementor-widget-text-editor\" data-id=\"42d0b317\" data-element_type=\"widget\" data-e-type=\"widget\" data-widget_type=\"text-editor.default\">\n\t\t\t\t\t\t\t\t\t<p><strong>IDENTIDAD DEL TITULAR DEL SITIO WEB<\/strong><\/p>\n<div class=\"ql-block\" data-block-id=\"block-d5b7eef5-e97a-4937-bd94-e76512f763ad\"><strong>Nombre comercial:<\/strong> <strong>C\u00eda Merc\u00e8 Framis<\/strong><\/div>\n<div class=\"ql-block\" data-block-id=\"block-fc5aa315-cd2f-4290-98e5-72b40dbb5001\"><strong>Denominaci\u00f3n social:<\/strong> <strong>MERCEDES CLAUDIA FRAMIS MONTOLIU<\/strong>\u00a0(en adelante EL TITULAR DE LA WEB)<\/div>\n<div class=\"ql-block\" data-block-id=\"block-07ae993a-7889-46b2-a3ed-8e6816b75808\"><strong>NIF:<\/strong> <strong>37740382G<\/strong><\/div>\n<div class=\"ql-block\" data-block-id=\"block-0b56568b-98ea-4e49-91e0-dbe5ea39e931\"><strong>Direcci\u00f3n:<\/strong> <strong>pge cipr\u00e9s 10-14<\/strong><\/div>\n<div class=\"ql-block\" data-block-id=\"block-f0da2ccb-22ac-4030-90ab-7023aa91d4d7\"><strong>Tel\u00e9fono:<\/strong> +34\u00a0676789476<\/div>\n<div class=\"ql-block\" data-block-id=\"block-7213b236-eb3b-4899-934d-011372cf80b5\"><strong>Correo electr\u00f3nico:<\/strong> <a href=\"mailto:merceframis.teatredombres@gmail.com\">merceframis.teatredombres@gmail.com<\/a><\/div>\n<p><!-- \/wp:paragraph --><!-- wp:paragraph --><\/p>\n<div class=\"ql-block\" data-block-id=\"block-be1e278d-b7e0-4635-bc73-6ed4d0457ac3\"><strong>T\u00c9RMINOS LEGALES Y CONDICIONES<\/strong><\/div>\n<div class=\"ql-block\" data-block-id=\"block-a5c6f993-533b-4845-8d32-469c3f6c9e03\">La utilizaci\u00f3n de este sitio web atribuye al navegante la condici\u00f3n de usuario del sitio, lo que implica la adhesi\u00f3n a las presentes condiciones en la versi\u00f3n publicada en el momento en que se permita la entrada. Por eso, EL TITULAR DE LA WEB recomienda al usuario leerlas atentamente cada vez que acceda al sitio web. El acceso a determinados contenidos ofrecidos a trav\u00e9s de este sitio web puede estar sometido a ciertas condiciones particulares propias que, seg\u00fan los casos, sustituyen, completan y\/o modifican estas condiciones generales. Por tanto, antes del acceso y\/o utilizaci\u00f3n de estos contenidos, el usuario debe leer atentamente tambi\u00e9n las correspondientes condiciones particulares. EL TITULAR DE LA WEB podr\u00e1 alterar en cualquier momento y sin previo aviso, el dise\u00f1o, presentaci\u00f3n y\/o configuraci\u00f3n del sitio web, as\u00ed como algunos o todos los Contenidos, modificando las condiciones generales y\/o condiciones particulares requeridas para su utilizaci\u00f3n.<\/div>\n<p>\u00a0<\/p>\n<div class=\"ql-block\" data-block-id=\"block-ec6dc8fa-79f8-4c8e-838d-07ff75eb970d\"><strong>RESPONSABILIDAD Y GARANT\u00cdA DEL TITULAR DE LA WEB<\/strong><\/div>\n<div class=\"ql-block\" data-block-id=\"block-459ae9d9-fb64-4251-a99e-f5d9b318d6fc\"><strong>ACCESO<\/strong><\/div>\n<div class=\"ql-block\" data-block-id=\"block-3891e2b8-4241-4abb-8ecb-17b37d64ce60\">Con car\u00e1cter general, los usuarios podr\u00e1n acceder al sitio web de forma libre y gratuita. Sin embargo, EL TITULAR DE LA WEB se reserva de acuerdo con la legislaci\u00f3n vigente el derecho de limitar el acceso a determinadas \u00e1reas del sitio web. En estos casos, como requisito previo para poder acceder al servicio, el Usuario deber\u00e1 registrarse facilitando toda la informaci\u00f3n solicitada, de forma actualizada y real (ver pol\u00edtica de privacidad). El uso de la contrase\u00f1a es personal e intransferible, no estando permitida la cesi\u00f3n, ni siquiera temporal, a terceros. En este sentido, el Usuario se compromete a ser diligente y mantenerla en secreto, asumiendo toda responsabilidad por las consecuencias de su divulgaci\u00f3n a terceros.<\/div>\n<p>\u00a0<\/p>\n<div class=\"ql-block\" data-block-id=\"block-3c74141d-3e39-4513-850a-9c12708f59e1\"><strong>CONTENIDOS<\/strong><\/div>\n<div class=\"ql-block\" data-block-id=\"block-a1464528-a660-47d4-a535-7fd3ebd671f7\">EL TITULAR DE LA WEB se reserva el derecho a interrumpir el acceso a su sitio web, as\u00ed como la prestaci\u00f3n de cualquiera o de todos los Contenidos que se prestan a trav\u00e9s del mismo en cualquier momento y sin previo aviso, ya sea por motivos t\u00e9cnicos, de seguridad, de control, de mantenimiento, por fallos de suministro el\u00e9ctrico o por cualquier otra causa. Esta interrupci\u00f3n podr\u00e1 tener car\u00e1cter temporal o definitivo, en cuyo caso se comunicar\u00e1 tal circunstancia a los Usuarios, que podr\u00e1n sufrir la p\u00e9rdida, en su caso, de la informaci\u00f3n almacenada en los diferentes servicios. En consecuencia, EL TITULAR DE LA WEB no garantiza la fiabilidad, la disponibilidad ni la continuidad de su sitio web ni de los Contenidos, tanto los propios como los de otros sitios web a los que se pueda acceder mediante enlaces, por lo que la utilizaci\u00f3n de los mismos por parte del Usuario se lleva a cabo por su propia cuenta y riesgo, sin que, en ning\u00fan momento, puedan exigir responsabilidades a EL TITULAR. EL TITULAR DE LA WEB no ser\u00e1 responsable de ning\u00fan tipo de perjuicio, p\u00e9rdidas, reclamaciones o gastos de ning\u00fan tipo, de la Informaci\u00f3n adquirida o accedida por oa trav\u00e9s del sitio web, de virus inform\u00e1ticos, de fallos operativos o de interrupciones en el servicio o transmisi\u00f3n, o fallos en la l\u00ednea. Queda prohibido transmitir o enviar a trav\u00e9s del sitio web cualquier contenido ilegal o il\u00edcito, virus inform\u00e1ticos, o mensajes que, en general, afecten o violen derechos de EL TITULAR DE LA WEB o de terceros.<\/div>\n<p>\u00a0<\/p>\n<div class=\"ql-block\" data-block-id=\"block-d5fe0659-de49-4cf2-93cc-c2712324639e\"><strong>PROPIEDAD INDUSTRIAL E INTELECTUAL<\/strong><\/div>\n<div class=\"ql-block\" data-block-id=\"block-085ff37a-5c34-4426-8531-5022e6fb29f2\">Esta web es propiedad de EL TITULAR DE LA WEB. Los derechos de Propiedad Intelectual y derechos de explotaci\u00f3n y reproducci\u00f3n de este sitio web, de sus p\u00e1ginas, pantallas, la informaci\u00f3n que contienen, su apariencia y dise\u00f1o, as\u00ed como los v\u00ednculos que se establezcan desde ella a otras p\u00e1ginas, son propiedad exclusiva del mismo, salvo que se especifique otra cosa. Todas las denominaciones, dise\u00f1os y\/o logos que componen esta p\u00e1gina son marcas debidamente registradas. Cualquier uso indebido de las mismas por persona distinta a su leg\u00edtimo titular podr\u00e1 ser perseguido de conformidad con la legislaci\u00f3n vigente. Los derechos de propiedad intelectual y marcas de terceros est\u00e1n convenientemente destacados y deben ser respetados por todo aquel que acceda a la web. S\u00f3lo para uso personal y privado se permite descargar los contenidos, copiar o imprimir cualquier p\u00e1gina de esta Web. Queda prohibido reproducir, transmitir, modificar o suprimir la informaci\u00f3n, contenido o advertencias de esta web sin la previa autorizaci\u00f3n escrita de EL TITULAR DE LA WEB.<\/div>\n<p>\u00a0<\/p>\n<div class=\"ql-block\" data-block-id=\"block-46165d1f-014f-4d26-b153-0a80d916564d\"><strong>LEGISLACI\u00d3N APLICABLE<\/strong><\/div>\n<div class=\"ql-block\" data-block-id=\"block-8a62095c-ee1d-40d4-9031-20b9c82dbead\">Las presentes condiciones generales se rigen por la legislaci\u00f3n espa\u00f1ola.<\/div>\n<p>\u00a0<\/p>\n<div class=\"ql-block\" data-block-id=\"block-5aa72ce7-835b-465d-b089-ac1d7ed5e8a6\"><strong>POL\u00cdTICA DE PRIVACIDAD<\/strong><\/div>\n<div class=\"ql-block\" data-block-id=\"block-1463ceb2-f6a3-4e80-8e7e-5b6b42229837\">A efectos de lo dispuesto en la normativa vigente relativa a la protecci\u00f3n de datos de car\u00e1cter personal, EL TITULAR DE LA WEB informa que los datos personales que nos pudiera facilitar durante la navegaci\u00f3n por nuestro sitio web ser\u00e1n incorporados a un tratamiento de datos de responsabilidad de EL TITULAR DE LA WEB, con el \u00fanico fin de poder gestionar su petici\u00f3n. S\u00f3lo en caso de que el usuario haya dado su consentimiento expreso, EL TITULAR DE LA WEB le enviar\u00e1 informaci\u00f3n; t\u00e9cnica, operativa y comercial, por cualquier medio, incluido el correo electr\u00f3nico y\/o medio equivalente, sobre productos, servicios, ofertas y novedades que consideremos de inter\u00e9s por el usuario. EL TITULAR DE LA WEB se compromete al cumplimiento de su obligaci\u00f3n de secreto de los datos de car\u00e1cter personal y de su deber de guardar y adoptar\u00e1 las medidas necesarias para evitar su alteraci\u00f3n, p\u00e9rdida, tratamiento o acceso no autorizado, teniendo en cuenta en todo momento el estado de la tecnolog\u00eda, cumpliendo con las medidas de seguridad t\u00e9cnicas y organizativas. Por \u00faltimo, le informamos sobre la posibilidad de ejercer los derechos de acceso, rectificaci\u00f3n, cancelaci\u00f3n y oposici\u00f3n mediante formulario dirigido al administrador del sistema.<\/div>\n<p><!-- \/wp:paragraph --><!-- wp:paragraph --><\/p>\n<p>\u00a0<\/p>\n<p><!-- \/wp:paragraph --><\/p>\t\t\t\t\t\t\t\t<\/div>\n\t\t\t\t\t<\/div>\n\t\t\t\t<\/div>\n\t\t\t\t<\/div>","protected":false},"excerpt":{"rendered":"<p>IDENTITAT DEL TITULAR DEL LLOC WEB Nom comercial: Cia Merc\u00e8 Framis Denominaci\u00f3 social: MERCEDES CLAUDIA FRAMIS MONTOLIU\u00a0(des d&#8217;ara EL TITULAR DEL WEB) NIF: 37740382G Adre\u00e7a: pge xiprer 10-14 Tel\u00e8fon: +34\u00a0676789476 Correu electr\u00f2nic: merceframis.teatredombres@gmail.com TERMES LEGALS I CONDICIONS La utilitzaci\u00f3 d&#8217;aquest lloc web atribueix al navegant la condici\u00f3 d&#8217;usuari del lloc, cosa que implica l&#8217;adhesi\u00f3 a [&hellip;]<\/p>\n","protected":false},"author":1,"featured_media":0,"parent":0,"menu_order":0,"comment_status":"closed","ping_status":"closed","template":"","meta":{"footnotes":""},"class_list":["post-313","page","type-page","status-publish","hentry"],"_links":{"self":[{"href":"https:\/\/ciamerceframis.com\/es\/wp-json\/wp\/v2\/pages\/313","targetHints":{"allow":["GET"]}}],"collection":[{"href":"https:\/\/ciamerceframis.com\/es\/wp-json\/wp\/v2\/pages"}],"about":[{"href":"https:\/\/ciamerceframis.com\/es\/wp-json\/wp\/v2\/types\/page"}],"author":[{"embeddable":true,"href":"https:\/\/ciamerceframis.com\/es\/wp-json\/wp\/v2\/users\/1"}],"replies":[{"embeddable":true,"href":"https:\/\/ciamerceframis.com\/es\/wp-json\/wp\/v2\/comments?post=313"}],"version-history":[{"count":12,"href":"https:\/\/ciamerceframis.com\/es\/wp-json\/wp\/v2\/pages\/313\/revisions"}],"predecessor-version":[{"id":1456,"href":"https:\/\/ciamerceframis.com\/es\/wp-json\/wp\/v2\/pages\/313\/revisions\/1456"}],"wp:attachment":[{"href":"https:\/\/ciamerceframis.com\/es\/wp-json\/wp\/v2\/media?parent=313"}],"curies":[{"name":"wp","href":"https:\/\/api.w.org\/{rel}","templated":true}]}}