{"id":323,"date":"2025-12-05T12:11:34","date_gmt":"2025-12-05T12:11:34","guid":{"rendered":"https:\/\/ciamerceframis.com\/?page_id=323"},"modified":"2026-03-04T11:09:15","modified_gmt":"2026-03-04T11:09:15","slug":"declaracion-de-accesibilidad-2","status":"publish","type":"page","link":"https:\/\/ciamerceframis.com\/es\/declaracio-daccessibilitat\/","title":{"rendered":"Declaraci\u00f3n de accesibilidad"},"content":{"rendered":"<style>.elementor-323 .elementor-element.elementor-element-6d5c162d{--display:flex;--padding-top:1em;--padding-bottom:1em;--padding-left:1em;--padding-right:1em;}.elementor-323 .elementor-element.elementor-element-42d0b317{color:var( --e-global-color-primary );}@media(min-width:768px){.elementor-323 .elementor-element.elementor-element-6d5c162d{--content-width:981px;}}<\/style>\t\t<div data-elementor-type=\"wp-page\" data-elementor-id=\"323\" class=\"elementor elementor-323\" data-elementor-post-type=\"page\">\n\t\t\t\t<div class=\"elementor-element elementor-element-6d5c162d e-flex e-con-boxed e-con e-parent\" data-id=\"6d5c162d\" data-element_type=\"container\" data-e-type=\"container\">\n\t\t\t\t\t<div class=\"e-con-inner\">\n\t\t\t\t<div class=\"elementor-element elementor-element-d8172fe elementor-widget elementor-widget-heading\" data-id=\"d8172fe\" data-element_type=\"widget\" data-e-type=\"widget\" data-widget_type=\"heading.default\">\n\t\t\t\t\t<h1 class=\"elementor-heading-title elementor-size-default\">Declaraci\u00f3n de accesibilidad<\/h1>\t\t\t\t<\/div>\n\t\t\t\t<div class=\"elementor-element elementor-element-42d0b317 elementor-widget elementor-widget-text-editor\" data-id=\"42d0b317\" data-element_type=\"widget\" data-e-type=\"widget\" data-widget_type=\"text-editor.default\">\n\t\t\t\t\t\t\t\t\t<div data-block-id=\"block-7dfdc03c-8989-4b61-813d-5ba633446302\">Estamos comprometidos a hacer accesible nuestro sitio web de conformidad con el <a href=\"https:\/\/www.boe.es\/buscar\/act.php?id=BOE-A-2018-12699\" target=\"_blank\" rel=\"noopener noreferrer\">Real decreto 1112\/2018, de 7 de septiembre<\/a>, sobre accesibilidad de los sitios web y aplicaciones para dispositivos m\u00f3viles del sector p\u00fablico (en adelante Real Decreto 1112\/2018, de 7 de septiembre).<\/div><div data-block-id=\"block-7dfdc03c-8989-4b61-813d-5ba633446302\">\u00a0<\/div><div data-block-id=\"block-a1096d39-8988-4d5e-8254-f9e9102e8bf6\"><strong>Situaci\u00f3n de cumplimiento<\/strong><\/div><div data-block-id=\"block-704be0a7-8317-47eb-a30f-a20ed5919be7\">Este sitio web es <strong>parcialmente conforme<\/strong> con el Real decreto 1112\/2018, de 7 de septiembre, debido a la falta de conformidad de los aspectos que se indican a continuaci\u00f3n.<\/div><div data-block-id=\"block-db7859c7-6084-4785-abac-1180778314a7\"><strong>Contenido no accesible<\/strong><\/div><div data-block-id=\"block-c0bddd50-ce7f-455b-8aab-5f51894a9ad5\">El contenido que se recoge a continuaci\u00f3n no es accesible por la siguiente raz\u00f3n:<\/div><ol><li><strong>Carga desproporcionada<\/strong>: no aplica.<\/li><\/ol><div data-block-id=\"block-925a50cd-5e2a-433b-ba59-2772c2a96c17\"><strong>Preparaci\u00f3n de la presente declaraci\u00f3n de accesibilidad<\/strong><\/div><div data-block-id=\"block-30801550-af53-4e77-8277-2bddf29ec6e9\">La presente declaraci\u00f3n fue preparada el 05 de diciembre de 2025.<\/div><div data-block-id=\"block-9657d168-acb8-4f99-82f8-f6b0d3cfb8ff\">El m\u00e9todo empleado para preparar la declaraci\u00f3n ha sido una autoevaluaci\u00f3n realizada por el propio organismo.<\/div><div data-block-id=\"block-9657d168-acb8-4f99-82f8-f6b0d3cfb8ff\">\u00a0<\/div><div data-block-id=\"block-c3fba26c-261a-414d-937d-b2ceaad836c6\"><strong>Observaciones y datos de contacto<\/strong><\/div><div data-block-id=\"block-81995eed-e886-41d5-b362-28b66b41134a\">Puede realizar comunicaciones sobre requisitos de accesibilidad (art\u00edculo 10.2.a) del Real Decreto 1112\/2018, de 7 de septiembre) como, por ejemplo:<\/div><ul><li>Informar sobre cualquier posible incumplimiento por parte de este sitio web.<\/li><li>Transmitir otras dificultades de acceso al contenido.<\/li><li>Formular cualquier otra consulta o sugerencia de mejora relativa a la accesibilidad del sitio web.<\/li><\/ul><ul><li data-list=\"none\">A trav\u00e9s de las siguientes v\u00edas:<\/li><\/ul><ul><li>Correo electr\u00f3nico: <a href=\"mailto:merceframis.teatredombres@gmail.com\"><strong>merceframis.teatredombres@gmail.com<\/strong><\/a><\/li><li>Tel\u00e9fono: <strong>+34 676789476<\/strong><\/li><\/ul><ul><li data-list=\"none\">Las comunicaciones ser\u00e1n recibidas y tratadas por la direcci\u00f3n de la empresa, como unidad responsable de los contenidos de este sitio web.<\/li><\/ul><div data-block-id=\"block-ddb40a61-5f15-499c-b4ca-13ae1467e37b\">\u00a0<\/div><div data-block-id=\"block-ac17afe7-db35-4ce9-8abd-d3bc18f27b56\">La versi\u00f3n actualmente visible de este sitio web es de diciembre de 2025 y en esa fecha se hizo la revisi\u00f3n del nivel de accesibilidad vigente en ese momento.<\/div><div data-block-id=\"block-ec37ddd9-69e1-40d8-9af3-9be90cd5733c\">A partir de esa fecha se llevan a cabo revisiones parciales diarias del contenido web nuevo o modificado, tanto de las plantillas como de las p\u00e1ginas y documentos finales publicados, a fin de asegurar el cumplimiento de los requerimientos de accesibilidad de la Norma UNE-EN 301549:2019, considerando las excepciones del Real Decreto 1112\/70.<\/div><div data-block-id=\"block-51551101-1c1c-4e8d-a945-746946949ff3\">Entre otros, se adoptan las siguientes medidas para facilitar la accesibilidad:<\/div><ul><li>Utilizaci\u00f3n de texto alternativo en las im\u00e1genes<\/li><li>Los enlaces ofrecen detalles de la funci\u00f3n o destino del hiperv\u00ednculo<\/li><li>Uso de los est\u00e1ndares de W3C: XHTML 1.0, CSS 3.0, WAI AA.<\/li><\/ul>\t\t\t\t\t\t\t\t<\/div>\n\t\t\t\t\t<\/div>\n\t\t\t\t<\/div>\n\t\t\t\t<\/div>","protected":false},"excerpt":{"rendered":"<p>Estem compromesos a fer accessible el nostre lloc web de conformitat amb el Reial decret 1112\/2018, de 7 de setembre, sobre accessibilitat dels llocs web i aplicacions per a dispositius m\u00f2bils del sector p\u00fablic (d&#8217;ara endavant, Reial decret 1112\/2018, de 7 de setembre).\u00a0Situaci\u00f3 de complimentAquest lloc web \u00e9s parcialment conforme amb el Reial decret 1112\/2018, [&hellip;]<\/p>\n","protected":false},"author":1,"featured_media":0,"parent":0,"menu_order":0,"comment_status":"closed","ping_status":"closed","template":"","meta":{"footnotes":""},"class_list":["post-323","page","type-page","status-publish","hentry"],"_links":{"self":[{"href":"https:\/\/ciamerceframis.com\/es\/wp-json\/wp\/v2\/pages\/323","targetHints":{"allow":["GET"]}}],"collection":[{"href":"https:\/\/ciamerceframis.com\/es\/wp-json\/wp\/v2\/pages"}],"about":[{"href":"https:\/\/ciamerceframis.com\/es\/wp-json\/wp\/v2\/types\/page"}],"author":[{"embeddable":true,"href":"https:\/\/ciamerceframis.com\/es\/wp-json\/wp\/v2\/users\/1"}],"replies":[{"embeddable":true,"href":"https:\/\/ciamerceframis.com\/es\/wp-json\/wp\/v2\/comments?post=323"}],"version-history":[{"count":8,"href":"https:\/\/ciamerceframis.com\/es\/wp-json\/wp\/v2\/pages\/323\/revisions"}],"predecessor-version":[{"id":1462,"href":"https:\/\/ciamerceframis.com\/es\/wp-json\/wp\/v2\/pages\/323\/revisions\/1462"}],"wp:attachment":[{"href":"https:\/\/ciamerceframis.com\/es\/wp-json\/wp\/v2\/media?parent=323"}],"curies":[{"name":"wp","href":"https:\/\/api.w.org\/{rel}","templated":true}]}}