{"id":328,"date":"2025-12-05T12:16:20","date_gmt":"2025-12-05T12:16:20","guid":{"rendered":"https:\/\/ciamerceframis.com\/?page_id=328"},"modified":"2026-03-04T11:22:06","modified_gmt":"2026-03-04T11:22:06","slug":"politica-de-privacidad-2","status":"publish","type":"page","link":"https:\/\/ciamerceframis.com\/es\/politica-de-privacitat\/","title":{"rendered":"Pol\u00edtica de privacidad"},"content":{"rendered":"<style>.elementor-328 .elementor-element.elementor-element-6d5c162d{--display:flex;--padding-top:1em;--padding-bottom:1em;--padding-left:1em;--padding-right:1em;}.elementor-328 .elementor-element.elementor-element-42d0b317{color:var( --e-global-color-primary );}@media(min-width:768px){.elementor-328 .elementor-element.elementor-element-6d5c162d{--content-width:981px;}}<\/style>\t\t<div data-elementor-type=\"wp-page\" data-elementor-id=\"328\" class=\"elementor elementor-328\" data-elementor-post-type=\"page\">\n\t\t\t\t<div class=\"elementor-element elementor-element-6d5c162d e-flex e-con-boxed e-con e-parent\" data-id=\"6d5c162d\" data-element_type=\"container\" data-e-type=\"container\">\n\t\t\t\t\t<div class=\"e-con-inner\">\n\t\t\t\t<div class=\"elementor-element elementor-element-d8172fe elementor-widget elementor-widget-heading\" data-id=\"d8172fe\" data-element_type=\"widget\" data-e-type=\"widget\" data-widget_type=\"heading.default\">\n\t\t\t\t\t<h1 class=\"elementor-heading-title elementor-size-default\">Pol\u00edtica de privacidad<\/h1>\t\t\t\t<\/div>\n\t\t\t\t<div class=\"elementor-element elementor-element-42d0b317 elementor-widget elementor-widget-text-editor\" data-id=\"42d0b317\" data-element_type=\"widget\" data-e-type=\"widget\" data-widget_type=\"text-editor.default\">\n\t\t\t\t\t\t\t\t\t<div class=\"ql-block\" data-block-id=\"block-8f2e81a1-0d97-4326-a985-0d126740219e\">La presente Pol\u00edtica de Privacidad constituye junto con las Normas de participaci\u00f3n y el aviso legal el marco jur\u00eddico que regula el uso del sitio web <a href=\"https:\/\/ciamerceframis.com\/es\/\">https:\/\/ciamerceframis.com\/<\/a><span class=\"ql-badge ql-badge-orange\" data-test=\"ql-badge-orange\">.<\/span> La presente Pol\u00edtica de Privacidad en concreto regula el uso y tratamiento que LA EMPRESA da a sus datos de car\u00e1cter personal como usuario del Sitio web, puesto que al acceder a esta p\u00e1gina web pasa a tener la condici\u00f3n de usuario de esta web (en adelante, el \u2019Usuario\u201c).<br \/><br \/><\/div>\n<div class=\"ql-block\" data-block-id=\"block-3d5e34ff-f939-4413-abd5-b9189f7b7106\"><strong>El presente sitio web es titularidad de:<\/strong><\/div>\n<div class=\"ql-block\" data-block-id=\"block-226518ed-4169-4e3c-b772-fd4b51025795\">MERCEDES CLAUDIA FRAMIS MONTOLIU, con domicilio social en pge cipr\u00e9s 10-14 y CIF: 37740382G, en adelante LA EMPRESA.<\/div>\n<div class=\"ql-block\" data-block-id=\"block-b89b3250-acf5-4626-9ee2-8f6a5a8795ce\">En el Sitio Web encontrar\u00e1 a su disposici\u00f3n la presente Pol\u00edtica de Privacidad en catal\u00e1n para que la pueda consultar, archivar o imprimir en cualquier momento. Es posible que var\u00ede con el tiempo como consecuencia de cambios en el Sitio Web, novedades legislativas o jurisprudenciales o para que surjan nuevos criterios de la Agencia Espa\u00f1ola de Protecci\u00f3n de Datos o la nueva normativa europea nos obligue a realizar futuras modificaciones. Por eso, LA EMPRESA se reserva el derecho a modificar la presente Pol\u00edtica de Privacidad y recomienda leer detenidamente la Pol\u00edtica de Privacidad siempre que se acceda al Sitio Web.<\/div>\n<p>\u00a0<\/p>\n<div class=\"ql-block\" data-block-id=\"block-4a37ceb5-be35-4883-96f2-2b121e5d0997\"><strong>Confidencialidad<\/strong><\/div>\n<div class=\"ql-block\" data-block-id=\"block-5bd1aedd-fef8-4331-9ef0-4fcf75d759bd\">La EMPRESA se compromete a cumplir con su obligaci\u00f3n de secreto de los datos de car\u00e1cter personal y el deber de guardarlos de forma confidencial y adopta las medidas necesarias para evitar su alteraci\u00f3n, p\u00e9rdida, tratamiento o acceso no autorizado, teniendo en cuenta en todo momento el estado de la tecnolog\u00eda.<\/div>\n<p>\u00a0<\/p>\n<div class=\"ql-block\" data-block-id=\"block-e26e3eb4-3950-4a02-bf08-aba75926fb4b\"><strong>Seguridad de los datos<\/strong><\/div>\n<div class=\"ql-block\" data-block-id=\"block-435f70f4-66e4-4b0c-af40-7190167e4c0b\">LA EMPRESA garantiza la adopci\u00f3n de las medidas oportunas para asegurar el tratamiento confidencial de estos datos. Por ello, ha implantado todas las medidas de seguridad t\u00e9cnicas y organizativas necesarias que garanticen la integridad, confidencialidad y disponibilidad de los datos personales facilitados por el usuario, en particular los estipulados en el RGPD (Reglamento General de la Protecci\u00f3n de Datos \u2013 UE 2016) \/679, de 27 de abril), que ha ampliado el alcance de la 9 diciembre, de Protecci\u00f3n de Datos de Car\u00e1cter Personal (LOPD) y su Reglamento de Desarrollo RD 1720\/2007.<\/div>\n<p>\u00a0<\/p>\n<div class=\"ql-block\" data-block-id=\"block-a4d3d9cf-0f77-4774-9497-f4aea6dc6f25\"><strong>Protecci\u00f3n de datos de car\u00e1cter personal<\/strong><\/div>\n<div class=\"ql-block\" data-block-id=\"block-a87d2716-6f77-4611-843b-69328dc63e68\">Los datos personales facilitados voluntariamente ser\u00e1n tratados de forma confidencial, bajo la protecci\u00f3n y las especificaciones contenidas en el reglamento vigente, y se recoger\u00e1n en fichero debidamente inscrito en la Agencia de Protecci\u00f3n de Datos, cuyo responsable es LA EMPRESA, y cuya finalidad es la gesti\u00f3n de los usuarios y suscriptores, as\u00ed como la venta online de productos y la resoluci\u00f3n de consultas.<\/div>\n<p>\u00a0<\/p>\n<div class=\"ql-block\" data-block-id=\"block-ed3f21b9-4fea-49a7-8876-0f32baab8049\">La base legal para el tratamiento de datos es el consentimiento del suscriptor. Tratamos los datos personales de los inscritos en el bolet\u00edn con la finalidad exclusiva de enviarles nuestra newsletter. Tratamos los datos personales de los usuarios registrados y los suscriptores de pago con la \u00fanica finalidad de gestionar su vinculaci\u00f3n con LA EMPRESA el cobro de las cuotas (en su caso), la organizaci\u00f3n de actividades y campa\u00f1as y el env\u00edo de comunicaciones informativas y comerciales (tambi\u00e9n por v\u00eda electr\u00f3nica).<\/div>\n<p>\u00a0<\/p>\n<div class=\"ql-block\" data-block-id=\"block-8cbef1b3-b89f-493e-81d6-0950bb3678a7\">Los datos personales no se ceder\u00e1n a terceros (a excepci\u00f3n de obligaci\u00f3n legal) y se conservar\u00e1n durante el plazo de seis (6) a\u00f1os de conformidad con la normativa contable vigente y, en su caso, durante diez (10) seg\u00fan la normativa de prevenci\u00f3n de blanqueo de capitales.<\/div>\n<p>\u00a0<\/p>\n<div class=\"ql-block\" data-block-id=\"block-3db66f8e-72bc-4191-8aff-21b518b71e10\">El usuario puede acceder a los datos personales, as\u00ed como solicitar la rectificaci\u00f3n de los datos inexactos o, en su caso, solicitar la cancelaci\u00f3n o supresi\u00f3n cuando los datos ya no sean necesarios para los fines recogidos. Tambi\u00e9n podr\u00e1 solicitar la limitaci\u00f3n, portabilidad y oposici\u00f3n del tratamiento de sus datos, en determinadas circunstancias y por motivos relacionados con su particular situaci\u00f3n.<\/div>\n<p>\u00a0<\/p>\n<div class=\"ql-block\" data-block-id=\"block-fed87d65-f35e-4ee6-8bce-3c330e306ecb\">Podr\u00e1 revocar el consentimiento al env\u00edo de comunicaciones comerciales y ejercer los derechos referidos anteriormente, mediante el env\u00edo de un correo electr\u00f3nico a <a href=\"mailto:merceframis.teatredombres@gmail.com\">merceframis.teatredombres@gmail.com<\/a>\u00a0o dirigi\u00e9ndose por correo ordinario al responsable del fichero ubicado en la direcci\u00f3n social de LA EMPRESA, en ambos casos con la referencia: \u201cProtecci\u00f3n de Datos\u201d, a trav\u00e9s de un escrito firmado al efecto y adjuntando copia de su DNI.<\/div>\n<p>\u00a0<\/p>\n<div class=\"ql-block\" data-block-id=\"block-1da73eaf-92ca-4b00-bd53-09a186e730a5\"><strong>Informaci\u00f3n sobre cookies<\/strong><\/div>\n<div class=\"ql-block\" data-block-id=\"block-423deb91-62e2-4e10-896a-44e57db3d14f\">La web utiliza cookies (&#039;cookies&#039;) en la navegaci\u00f3n del usuario por sus sitios web para facilitar la personalizaci\u00f3n y comodidad de la navegaci\u00f3n.<\/div>\n<p>\u00a0<\/p>\n<div class=\"ql-block\" data-block-id=\"block-8316cb89-08b6-4e39-8bb2-8206a5c3b439\">Una cookie es un fragmento de informaci\u00f3n enviado desde un servidor de p\u00e1ginas web a un navegador que puede ser devuelto por el navegador en posteriores accesos a ese servidor. Las &#039;cookies&#039; se asocian al usuario an\u00f3nimo ya su ordenador y no proporcionan por s\u00ed mismas ni el nombre ni los apellidos del usuario.<\/div>\n<p>\u00a0<\/p>\n<div class=\"ql-block\" data-block-id=\"block-59d6936e-09e2-44df-aff7-f05b41ff35df\">En esta web se utilizan cookies de Google para mostrar anuncios publicitarios basados en anteriores visitas a la web oa otras webs que tambi\u00e9n muestran anuncios de Google. Los usuarios pueden optar por no admitir el seguimiento mediante cookies de publicidad accediendo a: <a class=\"ql-link\" href=\"https:\/\/www.google.com\/settings\/ads\" target=\"_blank\" rel=\"noopener noreferrer\">https:\/\/www.google.com\/settings\/ads<\/a><\/div>\n<p>\u00a0<\/p>\n<div class=\"ql-block\" data-block-id=\"block-9a739aa8-68d7-404e-8618-e664301787e0\"><strong>Tipo de cookies<\/strong><\/div>\n<ul>\n<li>Cookies de Registro: Para identificar al usuario que ha iniciado sesi\u00f3n.<\/li>\n<li>Cookies de Publicidad: Para poder ofrecer contenidos publicitarios relacionados con los intereses del usuario, ya sea directamente oa trav\u00e9s de terceros llamados Adservers.<\/li>\n<li>Cookies Anal\u00edticas: Para obtener informaci\u00f3n relacionada con la medida de la audiencia.<\/li>\n<li>Cookies sobre Geo-localizaci\u00f3n: Dan informaci\u00f3n sobre la ubicaci\u00f3n geogr\u00e1fica del usuario.<\/li>\n<\/ul>\n<p>\u00a0<\/p>\n<div class=\"ql-block\" data-block-id=\"block-e1785ce0-3bc0-4acd-883c-2c1120cbc53d\">El usuario tiene la posibilidad de configurar su navegador de forma que sea informado de la recepci\u00f3n de &#039;cookies&#039;, con la posibilidad, si lo desea, de impedir que se instalen en su disco duro. Sin embargo, para acceder a la web no es preceptiva la instalaci\u00f3n de &#039;cookies&#039;.<\/div>\n<p>\u00a0<\/p>\n<div class=\"ql-block\" data-block-id=\"block-cf1fff07-b406-40da-818f-1f45cc63f841\">Seg\u00fan el tipo de navegador que utilice el usuario puede deshabilitar el uso de las cookies en:<\/div>\n<div class=\"ql-block\" data-block-id=\"block-67351401-b48c-4cca-92c9-14035eca8fc5\">Chrome: Configuraci\u00f3n &gt; Configuraci\u00f3n avanzada &gt; Privacidad y seguridad &gt; Configuraci\u00f3n del contenido<\/div>\n<div class=\"ql-block\" data-block-id=\"block-715a2ce7-6c8f-4fb1-81fe-fd24ddd25fe5\">Firefox: Opciones &gt; Privacidad y seguridad<\/div>\n<div class=\"ql-block\" data-block-id=\"block-a79ced2d-68cd-4898-b42c-69f5b7bdfaf9\">Edge: Configuraci\u00f3n &gt; Configuraci\u00f3n avanzada &gt; Privacidad y servicios<\/div>\n<div class=\"ql-block\" data-block-id=\"block-44f47ce7-4a51-4bb2-99f6-93b6f27c0a6b\">Safari: Preferencias &gt; Privacidad<\/div>\n<p>\u00a0<\/p>\n<div class=\"ql-block\" data-block-id=\"block-bbb3506d-0a7b-4cdc-8cfa-64405a6693c6\"><strong>LSSICE<\/strong><\/div>\n<div class=\"ql-block\" data-block-id=\"block-1e13ca1c-9a9b-4c26-8673-9a9ded100713\">Asimismo, informamos que no utilizamos estos datos para enviar comunicaciones comerciales por correo electr\u00f3nico no solicitadas o no autorizadas expresa y previamente por el interesado, seg\u00fan lo estipulado en la LSSICE.<\/div>\n<p>\u00a0<\/p>\n<div class=\"ql-block\" data-block-id=\"block-7f6bb8a1-6351-4961-87ed-55f353d23e13\"><strong>Comunicaciones<\/strong><\/div>\n<div class=\"ql-block\" data-block-id=\"block-8e5deab0-1b5c-431d-9019-7d8acc1ab712\">Para efectuar cualquier notificaci\u00f3n en relaci\u00f3n con el presente contrato, LA EMPRESA designa expresamente como domicilio al que figura en el presente texto y el usuario designa expresamente como domicilio al que figure en el formulario de solicitud. Para llevar a cabo la contrataci\u00f3n, se obliga a mantener operativa, activa y actualizada la direcci\u00f3n de correo electr\u00f3nico (e-mail) proporcionada para las comunicaciones con LA EMPRESA, ya que constituye el medio de comunicaci\u00f3n preferente (aunque no el \u00fanico). Por lo general el usuario se compromete y obliga a tener actualizados de manera permanente sus datos personales y de contacto; y debe comunicar, de forma fehaciente, cualquier cambio. La falta de esta comunicaci\u00f3n implicar\u00e1 que se considerar\u00e1n v\u00e1lidas las notificaciones efectuadas en la direcci\u00f3n que constaba en el formulario.<\/div>\n<p>\u00a0<\/p>\n<div class=\"ql-block\" data-block-id=\"block-bbbd6cf2-4ff2-479d-b66a-02f989b81c23\"><strong>Nulidad e ineficacia de las cl\u00e1usulas<\/strong><\/div>\n<div class=\"ql-block\" data-block-id=\"block-dbd7d648-de57-401e-8b4f-8f01c63fdbc1\">Si cualquier cl\u00e1usula de la presente Pol\u00edtica de Privacidad junto con la Pol\u00edtica de Privacidad y la Pol\u00edtica de Cookies fuese declarada total o parcialmente nula o ineficaz, afectar\u00e1 s\u00f3lo a esta disposici\u00f3n o parte de la misma que resulte nula o ineficaz, subsistiendo en todo lo dem\u00e1s las dem\u00e1s condiciones generales y teni\u00e9ndose tal disposici\u00f3n o resultar de la misma que resulta de la misma que . presentes condiciones generales, debiera afectarlas de forma integral.<\/div>\n<p>\u00a0<\/p>\n<div class=\"ql-block\" data-block-id=\"block-5cc4d312-141f-49f6-a24c-7aa0ff9ded8c\"><strong>Ley aplicable y jurisdicci\u00f3n<\/strong><\/div>\n<div class=\"ql-block\" data-block-id=\"block-0f831745-71aa-4983-9e2a-0a5244a777c1\">Para la resoluci\u00f3n de todas las controversias o cuestiones relacionadas con el presente sitio web o de las actividades que se desarrollen, ser\u00e1 de aplicaci\u00f3n la legislaci\u00f3n espa\u00f1ola en todos los casos, a la que se someten expresamente las partes. El mero hecho de la utilizaci\u00f3n de los servicios este sitio web presupone la aceptaci\u00f3n expresa de esta aceptaci\u00f3n de la jurisdicci\u00f3n espa\u00f1ola.<\/div>\n<p>\u00a0<\/p>\n<div class=\"ql-block\" data-block-id=\"block-795d2a93-e2d6-4465-9ba3-c1bffd063080\">Asimismo, y con la excepci\u00f3n de lo que se expresa en el p\u00e1rrafo siguiente, las partes que intervienen acuerdan que todo litigio, discrepancia, cuesti\u00f3n o reclamaci\u00f3n resultante de la ejecuci\u00f3n o interpretaci\u00f3n de las presentes condiciones o relacionado, o de otros textos que puedan existir en el sitio web, se resolver\u00e1n definitivamente mediante sometimiento a los Juzgados y Tribunales de Barcelona pueda resultar competente.<\/div>\n<p>\u00a0<\/p>\n<div class=\"ql-block\" data-block-id=\"block-ff42ab43-c183-483d-be73-5dc8b2602c13\">El p\u00e1rrafo anterior no se aplica en caso de que una de las partes sea un consumidor o usuario seg\u00fan la definici\u00f3n de la normativa de protecci\u00f3n de los Consumidores y Usuarios (Real Decreto Legislativo 1\/2007, de 16 de noviembre, por el que se aprueba el texto refundido de la Ley General para la Defensa de los Consumidores y Usuarios y otras leyes complementarias) la Ley) se aplicar\u00eda preferentemente el puesto designado en esta legislaci\u00f3n.<\/div>\n<p><!-- \/wp:paragraph --><\/p>\t\t\t\t\t\t\t\t<\/div>\n\t\t\t\t\t<\/div>\n\t\t\t\t<\/div>\n\t\t\t\t<\/div>","protected":false},"excerpt":{"rendered":"<p>La present Pol\u00edtica de Privacitat constitueix juntament amb les Normes de participaci\u00f3 i l&#8217;av\u00eds legal el marc jur\u00eddic que regula l&#8217;\u00fas del lloc web https:\/\/ciamerceframis.com\/. La present Pol\u00edtica de Privacitat en concret regula l&#8217;\u00fas i tractament que L&#8217;EMPRESA d\u00f3na a les seves dades de car\u00e0cter personal com a usuari del Lloc web, ja que en [&hellip;]<\/p>\n","protected":false},"author":1,"featured_media":0,"parent":0,"menu_order":0,"comment_status":"closed","ping_status":"closed","template":"","meta":{"footnotes":""},"class_list":["post-328","page","type-page","status-publish","hentry"],"_links":{"self":[{"href":"https:\/\/ciamerceframis.com\/es\/wp-json\/wp\/v2\/pages\/328","targetHints":{"allow":["GET"]}}],"collection":[{"href":"https:\/\/ciamerceframis.com\/es\/wp-json\/wp\/v2\/pages"}],"about":[{"href":"https:\/\/ciamerceframis.com\/es\/wp-json\/wp\/v2\/types\/page"}],"author":[{"embeddable":true,"href":"https:\/\/ciamerceframis.com\/es\/wp-json\/wp\/v2\/users\/1"}],"replies":[{"embeddable":true,"href":"https:\/\/ciamerceframis.com\/es\/wp-json\/wp\/v2\/comments?post=328"}],"version-history":[{"count":11,"href":"https:\/\/ciamerceframis.com\/es\/wp-json\/wp\/v2\/pages\/328\/revisions"}],"predecessor-version":[{"id":1466,"href":"https:\/\/ciamerceframis.com\/es\/wp-json\/wp\/v2\/pages\/328\/revisions\/1466"}],"wp:attachment":[{"href":"https:\/\/ciamerceframis.com\/es\/wp-json\/wp\/v2\/media?parent=328"}],"curies":[{"name":"wp","href":"https:\/\/api.w.org\/{rel}","templated":true}]}}