{"id":47,"date":"2025-12-03T18:15:15","date_gmt":"2025-12-03T18:15:15","guid":{"rendered":"https:\/\/ciamerceframis.com\/?page_id=47"},"modified":"2026-01-26T10:39:55","modified_gmt":"2026-01-26T10:39:55","slug":"talleres-y-formaciones-de-teatro-dombres","status":"publish","type":"page","link":"https:\/\/ciamerceframis.com\/es\/tallers-i-formacions-de-teatre-dombres\/","title":{"rendered":"Cursos y talleres de sombras"},"content":{"rendered":"\t\t<div data-elementor-type=\"wp-page\" data-elementor-id=\"47\" class=\"elementor elementor-47\" data-elementor-post-type=\"page\">\n\t\t\t\t<div class=\"elementor-element elementor-element-c83f37b e-flex e-con-boxed e-con e-parent\" data-id=\"c83f37b\" data-element_type=\"container\" data-e-type=\"container\" data-settings=\"{&quot;background_background&quot;:&quot;classic&quot;}\">\n\t\t\t\t\t<div class=\"e-con-inner\">\n\t\t\t\t<div class=\"elementor-element elementor-element-4514d8e elementor-widget elementor-widget-heading\" data-id=\"4514d8e\" data-element_type=\"widget\" data-e-type=\"widget\" data-widget_type=\"heading.default\">\n\t\t\t\t\t<h1 class=\"elementor-heading-title elementor-size-default\">Tallers i formacions de teatre d\u2019ombres per a docents, artistes i creadors visuals<\/h1>\t\t\t\t<\/div>\n\t\t\t\t<div class=\"elementor-element elementor-element-e97958c elementor-align-center elementor-widget elementor-widget-breadcrumbs\" data-id=\"e97958c\" data-element_type=\"widget\" data-e-type=\"widget\" data-widget_type=\"breadcrumbs.default\">\n\t\t\t\t<div class=\"elementor-widget-container\">\n\t\t\t\t\t<nav aria-label=\"breadcrumbs\" class=\"rank-math-breadcrumb\"><p><span class=\"last\">Inici<\/span><\/p><\/nav>\t\t\t\t<\/div>\n\t\t\t\t<\/div>\n\t\t\t\t\t<\/div>\n\t\t\t\t<\/div>\n\t\t<div class=\"elementor-element elementor-element-a3cc517 e-flex e-con-boxed e-con e-parent\" data-id=\"a3cc517\" data-element_type=\"container\" data-e-type=\"container\">\n\t\t\t\t\t<div class=\"e-con-inner\">\n\t\t\t\t<div class=\"elementor-element elementor-element-1d55d32 elementor-widget elementor-widget-heading\" data-id=\"1d55d32\" data-element_type=\"widget\" data-e-type=\"widget\" data-widget_type=\"heading.default\">\n\t\t\t\t\t<div class=\"elementor-heading-title elementor-size-default\">Cursos i tallers<\/div>\t\t\t\t<\/div>\n\t\t\t\t<div class=\"elementor-element elementor-element-95ce345 elementor-widget elementor-widget-heading\" data-id=\"95ce345\" data-element_type=\"widget\" data-e-type=\"widget\" data-widget_type=\"heading.default\">\n\t\t\t\t\t<h2 class=\"elementor-heading-title elementor-size-default\">Explora el llenguatge del teatre d\u2019ombres<\/h2>\t\t\t\t<\/div>\n\t\t\t\t<div class=\"elementor-element elementor-element-83af641 elementor-widget__width-initial elementor-widget elementor-widget-text-editor\" data-id=\"83af641\" data-element_type=\"widget\" data-e-type=\"widget\" data-widget_type=\"text-editor.default\">\n\t\t\t\t\t\t\t\t\t<p>Descobreix els nostres tallers i formacions de teatre d\u2019ombres, pensats per a docents, artistes, creadors esc\u00e8nics i persones interessades en la narraci\u00f3 visual. Propostes pr\u00e0ctiques i vivencials per experimentar amb la llum, la silueta i les infinites possibilitats del teatre d\u2019ombres.<\/p>\t\t\t\t\t\t\t\t<\/div>\n\t\t\t\t<div class=\"elementor-element elementor-element-1528f68 elementor-widget elementor-widget-jet-listing-grid\" data-id=\"1528f68\" data-element_type=\"widget\" data-e-type=\"widget\" data-settings=\"{&quot;columns&quot;:&quot;2&quot;,&quot;columns_mobile&quot;:&quot;1&quot;}\" data-widget_type=\"jet-listing-grid.default\">\n\t\t\t\t\t<div class=\"jet-listing-grid jet-listing\"><div class=\"jet-listing-grid__items grid-col-desk-2 grid-col-tablet-2 grid-col-mobile-1 jet-listing-grid--113 jet-listing-grid__masonry\" data-masonry-grid-options=\"{&quot;columns&quot;:{&quot;desktop&quot;:2,&quot;tablet&quot;:2,&quot;mobile&quot;:1}}\" data-queried-id=\"47|WP_Post\" data-nav=\"{&quot;enabled&quot;:false,&quot;type&quot;:null,&quot;more_el&quot;:null,&quot;query&quot;:[],&quot;widget_settings&quot;:{&quot;lisitng_id&quot;:113,&quot;posts_num&quot;:10,&quot;columns&quot;:2,&quot;columns_tablet&quot;:2,&quot;columns_mobile&quot;:1,&quot;column_min_width&quot;:240,&quot;column_min_width_tablet&quot;:240,&quot;column_min_width_mobile&quot;:240,&quot;inline_columns_css&quot;:false,&quot;is_archive_template&quot;:&quot;&quot;,&quot;post_status&quot;:[&quot;publish&quot;],&quot;use_random_posts_num&quot;:&quot;&quot;,&quot;max_posts_num&quot;:9,&quot;not_found_message&quot;:&quot;No data was found&quot;,&quot;is_masonry&quot;:true,&quot;equal_columns_height&quot;:&quot;&quot;,&quot;use_load_more&quot;:&quot;&quot;,&quot;load_more_id&quot;:&quot;&quot;,&quot;load_more_type&quot;:&quot;click&quot;,&quot;load_more_offset&quot;:null,&quot;use_custom_post_types&quot;:&quot;&quot;,&quot;custom_post_types&quot;:[],&quot;hide_widget_if&quot;:&quot;&quot;,&quot;carousel_enabled&quot;:&quot;&quot;,&quot;slides_to_scroll&quot;:&quot;1&quot;,&quot;arrows&quot;:&quot;true&quot;,&quot;arrow_icon&quot;:&quot;fa fa-angle-left&quot;,&quot;dots&quot;:&quot;&quot;,&quot;autoplay&quot;:&quot;true&quot;,&quot;pause_on_hover&quot;:&quot;true&quot;,&quot;autoplay_speed&quot;:5000,&quot;infinite&quot;:&quot;true&quot;,&quot;center_mode&quot;:&quot;&quot;,&quot;effect&quot;:&quot;slide&quot;,&quot;speed&quot;:500,&quot;inject_alternative_items&quot;:&quot;&quot;,&quot;injection_items&quot;:[],&quot;scroll_slider_enabled&quot;:&quot;&quot;,&quot;scroll_slider_on&quot;:[&quot;desktop&quot;,&quot;tablet&quot;,&quot;mobile&quot;],&quot;custom_query&quot;:&quot;yes&quot;,&quot;custom_query_id&quot;:&quot;3&quot;,&quot;_element_id&quot;:&quot;&quot;,&quot;collapse_first_last_gap&quot;:false,&quot;list_tag_selection&quot;:&quot;&quot;,&quot;list_items_wrapper_tag&quot;:&quot;div&quot;,&quot;list_item_tag&quot;:&quot;div&quot;,&quot;empty_items_wrapper_tag&quot;:&quot;div&quot;}}\" data-page=\"1\" data-pages=\"1\" data-listing-source=\"query\" data-listing-id=\"113\" data-query-id=\"3\"><div class=\"jet-listing-grid__item jet-listing-dynamic-post-725\" data-post-id=\"725\"  >\t\t<div data-elementor-type=\"jet-listing-items\" data-elementor-id=\"113\" class=\"elementor elementor-113\" data-elementor-post-type=\"jet-engine\">\n\t\t\t\t<a class=\"elementor-element elementor-element-d7b1a01 hover-teatral-bn e-flex e-con-boxed e-con e-child\" data-id=\"d7b1a01\" data-element_type=\"container\" data-e-type=\"container\" href=\"https:\/\/ciamerceframis.com\/es\/cursos-i-tallers\/pintar-amb-llum\/\">\n\t\t\t\t\t<div class=\"e-con-inner\">\n\t\t\t\t<div class=\"elementor-element elementor-element-2108da7 elementor-widget elementor-widget-image\" data-id=\"2108da7\" data-element_type=\"widget\" data-e-type=\"widget\" data-widget_type=\"image.default\">\n\t\t\t\t\t\t\t\t\t\t\t\t\t\t\t<img fetchpriority=\"high\" decoding=\"async\" width=\"1734\" height=\"1320\" src=\"https:\/\/ciamerceframis.com\/wp-content\/uploads\/2026\/01\/curs-ombres-taller033.jpg\" class=\"attachment-full size-full wp-image-1402\" alt=\"\" srcset=\"https:\/\/ciamerceframis.com\/wp-content\/uploads\/2026\/01\/curs-ombres-taller033.jpg 1734w, https:\/\/ciamerceframis.com\/wp-content\/uploads\/2026\/01\/curs-ombres-taller033-300x228.jpg 300w, https:\/\/ciamerceframis.com\/wp-content\/uploads\/2026\/01\/curs-ombres-taller033-1024x780.jpg 1024w, https:\/\/ciamerceframis.com\/wp-content\/uploads\/2026\/01\/curs-ombres-taller033-768x585.jpg 768w, https:\/\/ciamerceframis.com\/wp-content\/uploads\/2026\/01\/curs-ombres-taller033-1536x1169.jpg 1536w, https:\/\/ciamerceframis.com\/wp-content\/uploads\/2026\/01\/curs-ombres-taller033-16x12.jpg 16w\" sizes=\"(max-width: 1734px) 100vw, 1734px\" title=\"\">\t\t\t\t\t\t\t\t\t\t\t\t\t\t\t<\/div>\n\t\t\t\t\t<\/div>\n\t\t\t\t<\/a>\n\t\t<div class=\"elementor-element elementor-element-971ba8f e-flex e-con-boxed e-con e-child\" data-id=\"971ba8f\" data-element_type=\"container\" data-e-type=\"container\" data-settings=\"{&quot;background_background&quot;:&quot;classic&quot;}\">\n\t\t\t\t\t<div class=\"e-con-inner\">\n\t\t<div class=\"elementor-element elementor-element-4a94771 e-flex e-con-boxed e-con e-child\" data-id=\"4a94771\" data-element_type=\"container\" data-e-type=\"container\">\n\t\t\t\t\t<div class=\"e-con-inner\">\n\t\t\t\t<div class=\"elementor-element elementor-element-631d66f elementor-widget elementor-widget-heading\" data-id=\"631d66f\" data-element_type=\"widget\" data-e-type=\"widget\" data-widget_type=\"heading.default\">\n\t\t\t\t\t<h3 class=\"elementor-heading-title elementor-size-default\">Pintar amb Llum &#8211; Curs d\u2019 Ombres amb retroprojector de transpar\u00e8ncies dirigit a: Professionals del teatre i l\u2019educaci\u00f3\u00a0<\/h3>\t\t\t\t<\/div>\n\t\t\t\t<div class=\"elementor-element elementor-element-4eac7e3 elementor-widget elementor-widget-jkit_button\" data-id=\"4eac7e3\" data-element_type=\"widget\" data-e-type=\"widget\" data-widget_type=\"jkit_button.default\">\n\t\t\t\t\t<div  class=\"jeg-elementor-kit jkit-button  icon-position-after jeg_module_725__6a0238c5d520e\" ><a href=\"https:\/\/ciamerceframis.com\/es\/cursos-i-tallers\/pintar-amb-llum\/\" class=\"jkit-button-wrapper\">veure m\u00e9s<i aria-hidden=\"true\" class=\"jki jki-right-arrow-12\"><\/i><\/a><\/div>\t\t\t\t<\/div>\n\t\t\t\t\t<\/div>\n\t\t\t\t<\/div>\n\t\t\t\t\t<\/div>\n\t\t\t\t<\/div>\n\t\t\t\t<\/div>\n\t\t<\/div><div class=\"jet-listing-grid__item jet-listing-dynamic-post-723\" data-post-id=\"723\"  >\t\t<div data-elementor-type=\"jet-listing-items\" data-elementor-id=\"113\" class=\"elementor elementor-113\" data-elementor-post-type=\"jet-engine\">\n\t\t\t\t<a class=\"elementor-element elementor-element-d7b1a01 hover-teatral-bn e-flex e-con-boxed e-con e-child\" data-id=\"d7b1a01\" data-element_type=\"container\" data-e-type=\"container\" href=\"https:\/\/ciamerceframis.com\/es\/cursos-i-tallers\/taller-dombres\/\">\n\t\t\t\t\t<div class=\"e-con-inner\">\n\t\t\t\t<div class=\"elementor-element elementor-element-2108da7 elementor-widget elementor-widget-image\" data-id=\"2108da7\" data-element_type=\"widget\" data-e-type=\"widget\" data-widget_type=\"image.default\">\n\t\t\t\t\t\t\t\t\t\t\t\t\t\t\t<img decoding=\"async\" width=\"2560\" height=\"1440\" src=\"https:\/\/ciamerceframis.com\/wp-content\/uploads\/2026\/01\/foto-families-scaled.jpg\" class=\"attachment-full size-full wp-image-1242\" alt=\"\" srcset=\"https:\/\/ciamerceframis.com\/wp-content\/uploads\/2026\/01\/foto-families-scaled.jpg 2560w, https:\/\/ciamerceframis.com\/wp-content\/uploads\/2026\/01\/foto-families-300x169.jpg 300w, https:\/\/ciamerceframis.com\/wp-content\/uploads\/2026\/01\/foto-families-1024x576.jpg 1024w, https:\/\/ciamerceframis.com\/wp-content\/uploads\/2026\/01\/foto-families-768x432.jpg 768w, https:\/\/ciamerceframis.com\/wp-content\/uploads\/2026\/01\/foto-families-1536x864.jpg 1536w, https:\/\/ciamerceframis.com\/wp-content\/uploads\/2026\/01\/foto-families-2048x1152.jpg 2048w, https:\/\/ciamerceframis.com\/wp-content\/uploads\/2026\/01\/foto-families-18x10.jpg 18w\" sizes=\"(max-width: 2560px) 100vw, 2560px\" title=\"\">\t\t\t\t\t\t\t\t\t\t\t\t\t\t\t<\/div>\n\t\t\t\t\t<\/div>\n\t\t\t\t<\/a>\n\t\t<div class=\"elementor-element elementor-element-971ba8f e-flex e-con-boxed e-con e-child\" data-id=\"971ba8f\" data-element_type=\"container\" data-e-type=\"container\" data-settings=\"{&quot;background_background&quot;:&quot;classic&quot;}\">\n\t\t\t\t\t<div class=\"e-con-inner\">\n\t\t<div class=\"elementor-element elementor-element-4a94771 e-flex e-con-boxed e-con e-child\" data-id=\"4a94771\" data-element_type=\"container\" data-e-type=\"container\">\n\t\t\t\t\t<div class=\"e-con-inner\">\n\t\t\t\t<div class=\"elementor-element elementor-element-631d66f elementor-widget elementor-widget-heading\" data-id=\"631d66f\" data-element_type=\"widget\" data-e-type=\"widget\" data-widget_type=\"heading.default\">\n\t\t\t\t\t<h3 class=\"elementor-heading-title elementor-size-default\">Tallers d\u2019ombres per a totes les edats<\/h3>\t\t\t\t<\/div>\n\t\t\t\t<div class=\"elementor-element elementor-element-4eac7e3 elementor-widget elementor-widget-jkit_button\" data-id=\"4eac7e3\" data-element_type=\"widget\" data-e-type=\"widget\" data-widget_type=\"jkit_button.default\">\n\t\t\t\t\t<div  class=\"jeg-elementor-kit jkit-button  icon-position-after jeg_module_725_1_6a0238c5db675\" ><a href=\"https:\/\/ciamerceframis.com\/es\/cursos-i-tallers\/taller-dombres\/\" class=\"jkit-button-wrapper\">veure m\u00e9s<i aria-hidden=\"true\" class=\"jki jki-right-arrow-12\"><\/i><\/a><\/div>\t\t\t\t<\/div>\n\t\t\t\t\t<\/div>\n\t\t\t\t<\/div>\n\t\t\t\t\t<\/div>\n\t\t\t\t<\/div>\n\t\t\t\t<\/div>\n\t\t<\/div><div class=\"jet-listing-grid__item jet-listing-dynamic-post-718\" data-post-id=\"718\"  >\t\t<div data-elementor-type=\"jet-listing-items\" data-elementor-id=\"113\" class=\"elementor elementor-113\" data-elementor-post-type=\"jet-engine\">\n\t\t\t\t<a class=\"elementor-element elementor-element-d7b1a01 hover-teatral-bn e-flex e-con-boxed e-con e-child\" data-id=\"d7b1a01\" data-element_type=\"container\" data-e-type=\"container\" href=\"https:\/\/ciamerceframis.com\/es\/cursos-i-tallers\/compare-llop-espectacle-i-taller\/\">\n\t\t\t\t\t<div class=\"e-con-inner\">\n\t\t\t\t<div class=\"elementor-element elementor-element-2108da7 elementor-widget elementor-widget-image\" data-id=\"2108da7\" data-element_type=\"widget\" data-e-type=\"widget\" data-widget_type=\"image.default\">\n\t\t\t\t\t\t\t\t\t\t\t\t\t\t\t<img decoding=\"async\" width=\"2272\" height=\"1704\" src=\"https:\/\/ciamerceframis.com\/wp-content\/uploads\/2026\/01\/llop-nuvols-bona.jpg\" class=\"attachment-full size-full wp-image-722\" alt=\"\" srcset=\"https:\/\/ciamerceframis.com\/wp-content\/uploads\/2026\/01\/llop-nuvols-bona.jpg 2272w, https:\/\/ciamerceframis.com\/wp-content\/uploads\/2026\/01\/llop-nuvols-bona-300x225.jpg 300w, https:\/\/ciamerceframis.com\/wp-content\/uploads\/2026\/01\/llop-nuvols-bona-1024x768.jpg 1024w, https:\/\/ciamerceframis.com\/wp-content\/uploads\/2026\/01\/llop-nuvols-bona-768x576.jpg 768w, https:\/\/ciamerceframis.com\/wp-content\/uploads\/2026\/01\/llop-nuvols-bona-1536x1152.jpg 1536w, https:\/\/ciamerceframis.com\/wp-content\/uploads\/2026\/01\/llop-nuvols-bona-2048x1536.jpg 2048w\" sizes=\"(max-width: 2272px) 100vw, 2272px\" title=\"\">\t\t\t\t\t\t\t\t\t\t\t\t\t\t\t<\/div>\n\t\t\t\t\t<\/div>\n\t\t\t\t<\/a>\n\t\t<div class=\"elementor-element elementor-element-971ba8f e-flex e-con-boxed e-con e-child\" data-id=\"971ba8f\" data-element_type=\"container\" data-e-type=\"container\" data-settings=\"{&quot;background_background&quot;:&quot;classic&quot;}\">\n\t\t\t\t\t<div class=\"e-con-inner\">\n\t\t<div class=\"elementor-element elementor-element-4a94771 e-flex e-con-boxed e-con e-child\" data-id=\"4a94771\" data-element_type=\"container\" data-e-type=\"container\">\n\t\t\t\t\t<div class=\"e-con-inner\">\n\t\t\t\t<div class=\"elementor-element elementor-element-631d66f elementor-widget elementor-widget-heading\" data-id=\"631d66f\" data-element_type=\"widget\" data-e-type=\"widget\" data-widget_type=\"heading.default\">\n\t\t\t\t\t<h3 class=\"elementor-heading-title elementor-size-default\">Compare Llop \u2013 Espectacle i taller<\/h3>\t\t\t\t<\/div>\n\t\t\t\t<div class=\"elementor-element elementor-element-4eac7e3 elementor-widget elementor-widget-jkit_button\" data-id=\"4eac7e3\" data-element_type=\"widget\" data-e-type=\"widget\" data-widget_type=\"jkit_button.default\">\n\t\t\t\t\t<div  class=\"jeg-elementor-kit jkit-button  icon-position-after jeg_module_725_2_6a0238c5ded81\" ><a href=\"https:\/\/ciamerceframis.com\/es\/cursos-i-tallers\/compare-llop-espectacle-i-taller\/\" class=\"jkit-button-wrapper\">veure m\u00e9s<i aria-hidden=\"true\" class=\"jki jki-right-arrow-12\"><\/i><\/a><\/div>\t\t\t\t<\/div>\n\t\t\t\t\t<\/div>\n\t\t\t\t<\/div>\n\t\t\t\t\t<\/div>\n\t\t\t\t<\/div>\n\t\t\t\t<\/div>\n\t\t<\/div><div class=\"jet-listing-grid__item jet-listing-dynamic-post-716\" data-post-id=\"716\"  >\t\t<div data-elementor-type=\"jet-listing-items\" data-elementor-id=\"113\" class=\"elementor elementor-113\" data-elementor-post-type=\"jet-engine\">\n\t\t\t\t<a class=\"elementor-element elementor-element-d7b1a01 hover-teatral-bn e-flex e-con-boxed e-con e-child\" data-id=\"d7b1a01\" data-element_type=\"container\" data-e-type=\"container\" href=\"https:\/\/ciamerceframis.com\/es\/cursos-i-tallers\/la-lluna-la-pruna-espectacle-i-taller\/\">\n\t\t\t\t\t<div class=\"e-con-inner\">\n\t\t\t\t<div class=\"elementor-element elementor-element-2108da7 elementor-widget elementor-widget-image\" data-id=\"2108da7\" data-element_type=\"widget\" data-e-type=\"widget\" data-widget_type=\"image.default\">\n\t\t\t\t\t\t\t\t\t\t\t\t\t\t\t<img loading=\"lazy\" decoding=\"async\" width=\"1280\" height=\"720\" src=\"https:\/\/ciamerceframis.com\/wp-content\/uploads\/2026\/01\/la-lluna-la-pruna-foto-taller-promo.jpg\" class=\"attachment-full size-full wp-image-1252\" alt=\"\" srcset=\"https:\/\/ciamerceframis.com\/wp-content\/uploads\/2026\/01\/la-lluna-la-pruna-foto-taller-promo.jpg 1280w, https:\/\/ciamerceframis.com\/wp-content\/uploads\/2026\/01\/la-lluna-la-pruna-foto-taller-promo-300x169.jpg 300w, https:\/\/ciamerceframis.com\/wp-content\/uploads\/2026\/01\/la-lluna-la-pruna-foto-taller-promo-1024x576.jpg 1024w, https:\/\/ciamerceframis.com\/wp-content\/uploads\/2026\/01\/la-lluna-la-pruna-foto-taller-promo-768x432.jpg 768w, https:\/\/ciamerceframis.com\/wp-content\/uploads\/2026\/01\/la-lluna-la-pruna-foto-taller-promo-18x10.jpg 18w\" sizes=\"(max-width: 1280px) 100vw, 1280px\" title=\"\">\t\t\t\t\t\t\t\t\t\t\t\t\t\t\t<\/div>\n\t\t\t\t\t<\/div>\n\t\t\t\t<\/a>\n\t\t<div class=\"elementor-element elementor-element-971ba8f e-flex e-con-boxed e-con e-child\" data-id=\"971ba8f\" data-element_type=\"container\" data-e-type=\"container\" data-settings=\"{&quot;background_background&quot;:&quot;classic&quot;}\">\n\t\t\t\t\t<div class=\"e-con-inner\">\n\t\t<div class=\"elementor-element elementor-element-4a94771 e-flex e-con-boxed e-con e-child\" data-id=\"4a94771\" data-element_type=\"container\" data-e-type=\"container\">\n\t\t\t\t\t<div class=\"e-con-inner\">\n\t\t\t\t<div class=\"elementor-element elementor-element-631d66f elementor-widget elementor-widget-heading\" data-id=\"631d66f\" data-element_type=\"widget\" data-e-type=\"widget\" data-widget_type=\"heading.default\">\n\t\t\t\t\t<h3 class=\"elementor-heading-title elementor-size-default\">La Lluna La Pruna \u2013 Espectacle i taller<\/h3>\t\t\t\t<\/div>\n\t\t\t\t<div class=\"elementor-element elementor-element-4eac7e3 elementor-widget elementor-widget-jkit_button\" data-id=\"4eac7e3\" data-element_type=\"widget\" data-e-type=\"widget\" data-widget_type=\"jkit_button.default\">\n\t\t\t\t\t<div  class=\"jeg-elementor-kit jkit-button  icon-position-after jeg_module_725_3_6a0238c5e2498\" ><a href=\"https:\/\/ciamerceframis.com\/es\/cursos-i-tallers\/la-lluna-la-pruna-espectacle-i-taller\/\" class=\"jkit-button-wrapper\">veure m\u00e9s<i aria-hidden=\"true\" class=\"jki jki-right-arrow-12\"><\/i><\/a><\/div>\t\t\t\t<\/div>\n\t\t\t\t\t<\/div>\n\t\t\t\t<\/div>\n\t\t\t\t\t<\/div>\n\t\t\t\t<\/div>\n\t\t\t\t<\/div>\n\t\t<\/div><div class=\"jet-listing-grid__item jet-listing-dynamic-post-612\" data-post-id=\"612\"  >\t\t<div data-elementor-type=\"jet-listing-items\" data-elementor-id=\"113\" class=\"elementor elementor-113\" data-elementor-post-type=\"jet-engine\">\n\t\t\t\t<a class=\"elementor-element elementor-element-d7b1a01 hover-teatral-bn e-flex e-con-boxed e-con e-child\" data-id=\"d7b1a01\" data-element_type=\"container\" data-e-type=\"container\" href=\"https:\/\/ciamerceframis.com\/es\/cursos-i-tallers\/curs-d-ombres-amb-retroprojector-de-transparencies\/\">\n\t\t\t\t\t<div class=\"e-con-inner\">\n\t\t\t\t<div class=\"elementor-element elementor-element-2108da7 elementor-widget elementor-widget-image\" data-id=\"2108da7\" data-element_type=\"widget\" data-e-type=\"widget\" data-widget_type=\"image.default\">\n\t\t\t\t\t\t\t\t\t\t\t\t\t\t\t<img loading=\"lazy\" decoding=\"async\" width=\"269\" height=\"403\" src=\"https:\/\/ciamerceframis.com\/wp-content\/uploads\/2026\/01\/Foto-presentacion_teatre-dombres-i-terapia.jpg\" class=\"attachment-full size-full wp-image-724\" alt=\"\" srcset=\"https:\/\/ciamerceframis.com\/wp-content\/uploads\/2026\/01\/Foto-presentacion_teatre-dombres-i-terapia.jpg 269w, https:\/\/ciamerceframis.com\/wp-content\/uploads\/2026\/01\/Foto-presentacion_teatre-dombres-i-terapia-200x300.jpg 200w\" sizes=\"(max-width: 269px) 100vw, 269px\" title=\"\">\t\t\t\t\t\t\t\t\t\t\t\t\t\t\t<\/div>\n\t\t\t\t\t<\/div>\n\t\t\t\t<\/a>\n\t\t<div class=\"elementor-element elementor-element-971ba8f e-flex e-con-boxed e-con e-child\" data-id=\"971ba8f\" data-element_type=\"container\" data-e-type=\"container\" data-settings=\"{&quot;background_background&quot;:&quot;classic&quot;}\">\n\t\t\t\t\t<div class=\"e-con-inner\">\n\t\t<div class=\"elementor-element elementor-element-4a94771 e-flex e-con-boxed e-con e-child\" data-id=\"4a94771\" data-element_type=\"container\" data-e-type=\"container\">\n\t\t\t\t\t<div class=\"e-con-inner\">\n\t\t\t\t<div class=\"elementor-element elementor-element-631d66f elementor-widget elementor-widget-heading\" data-id=\"631d66f\" data-element_type=\"widget\" data-e-type=\"widget\" data-widget_type=\"heading.default\">\n\t\t\t\t\t<h3 class=\"elementor-heading-title elementor-size-default\">Curs Teatre d&#8217;Ombres com a eina terap\u00e8utica<\/h3>\t\t\t\t<\/div>\n\t\t\t\t<div class=\"elementor-element elementor-element-4eac7e3 elementor-widget elementor-widget-jkit_button\" data-id=\"4eac7e3\" data-element_type=\"widget\" data-e-type=\"widget\" data-widget_type=\"jkit_button.default\">\n\t\t\t\t\t<div  class=\"jeg-elementor-kit jkit-button  icon-position-after jeg_module_725_4_6a0238c5e56ff\" ><a href=\"https:\/\/ciamerceframis.com\/es\/cursos-i-tallers\/curs-d-ombres-amb-retroprojector-de-transparencies\/\" class=\"jkit-button-wrapper\">veure m\u00e9s<i aria-hidden=\"true\" class=\"jki jki-right-arrow-12\"><\/i><\/a><\/div>\t\t\t\t<\/div>\n\t\t\t\t\t<\/div>\n\t\t\t\t<\/div>\n\t\t\t\t\t<\/div>\n\t\t\t\t<\/div>\n\t\t\t\t<\/div>\n\t\t<\/div><\/div><\/div>\t\t\t\t<\/div>\n\t\t\t\t\t<\/div>\n\t\t\t\t<\/div>\n\t\t<div class=\"elementor-element elementor-element-d45eaf2 e-con-full e-flex e-con e-parent\" data-id=\"d45eaf2\" data-element_type=\"container\" data-e-type=\"container\">\n\t\t\t\t<div class=\"elementor-element elementor-element-9c266ba elementor-widget elementor-widget-template\" data-id=\"9c266ba\" data-element_type=\"widget\" data-e-type=\"widget\" data-widget_type=\"template.default\">\n\t\t\t\t<div class=\"elementor-widget-container\">\n\t\t\t\t\t\t\t<div class=\"elementor-template\">\n\t\t\t\t\t<div data-elementor-type=\"container\" data-elementor-id=\"176\" class=\"elementor elementor-176\" data-elementor-post-type=\"elementor_library\">\n\t\t\t\t<div class=\"elementor-element elementor-element-d5bf17 e-flex e-con-boxed e-con e-parent\" data-id=\"d5bf17\" data-element_type=\"container\" data-e-type=\"container\" data-settings=\"{&quot;background_background&quot;:&quot;classic&quot;}\">\n\t\t\t\t\t<div class=\"e-con-inner\">\n\t\t<div class=\"elementor-element elementor-element-331a670b e-flex e-con-boxed e-con e-child\" data-id=\"331a670b\" data-element_type=\"container\" data-e-type=\"container\">\n\t\t\t\t\t<div class=\"e-con-inner\">\n\t\t\t\t<div class=\"elementor-element elementor-element-5b1bc3d3 elementor-widget elementor-widget-heading\" data-id=\"5b1bc3d3\" data-element_type=\"widget\" data-e-type=\"widget\" data-widget_type=\"heading.default\">\n\t\t\t\t\t<h2 class=\"elementor-heading-title elementor-size-default\">Vols programar un espectacle o reservar un taller?<\/h2>\t\t\t\t<\/div>\n\t\t\t\t<div class=\"elementor-element elementor-element-73b8d8ab elementor-widget__width-initial elementor-widget elementor-widget-text-editor\" data-id=\"73b8d8ab\" data-element_type=\"widget\" data-e-type=\"widget\" data-widget_type=\"text-editor.default\">\n\t\t\t\t\t\t\t\t\t<p>Si tens inter\u00e8s en contractar un espectacle de teatre d\u2019ombres, organitzar un taller o rebre m\u00e9s informaci\u00f3 sobre la nostra feina, estarem encantats d\u2019atendre\u2019t.<\/p>\t\t\t\t\t\t\t\t<\/div>\n\t\t\t\t<div class=\"elementor-element elementor-element-48282644 elementor-widget elementor-widget-jkit_button\" data-id=\"48282644\" data-element_type=\"widget\" data-e-type=\"widget\" data-widget_type=\"jkit_button.default\">\n\t\t\t\t\t<div  class=\"jeg-elementor-kit jkit-button  icon-position-before jeg_module_47_5_6a0238c5e939f\" ><a href=\"https:\/\/ciamerceframis.com\/es\/contacta-amb-la-cia-merce-framis\/\" class=\"jkit-button-wrapper\">Contacta amb nosaltres<\/a><\/div>\t\t\t\t<\/div>\n\t\t\t\t\t<\/div>\n\t\t\t\t<\/div>\n\t\t\t\t\t<\/div>\n\t\t\t\t<\/div>\n\t\t\t\t<\/div>\n\t\t\t\t<\/div>\n\t\t\t\t\t\t<\/div>\n\t\t\t\t<\/div>\n\t\t\t\t<\/div>\n\t\t\t\t<\/div>\n\t\t","protected":false},"excerpt":{"rendered":"<p>Tallers i formacions de teatre d\u2019ombres per a docents, artistes i creadors visuals Inici Cursos i tallers Explora el llenguatge del teatre d\u2019ombres Descobreix els nostres tallers i formacions de teatre d\u2019ombres, pensats per a docents, artistes, creadors esc\u00e8nics i persones interessades en la narraci\u00f3 visual. Propostes pr\u00e0ctiques i vivencials per experimentar amb la llum, [&hellip;]<\/p>\n","protected":false},"author":1,"featured_media":0,"parent":0,"menu_order":0,"comment_status":"closed","ping_status":"closed","template":"","meta":{"footnotes":""},"class_list":["post-47","page","type-page","status-publish","hentry"],"_links":{"self":[{"href":"https:\/\/ciamerceframis.com\/es\/wp-json\/wp\/v2\/pages\/47","targetHints":{"allow":["GET"]}}],"collection":[{"href":"https:\/\/ciamerceframis.com\/es\/wp-json\/wp\/v2\/pages"}],"about":[{"href":"https:\/\/ciamerceframis.com\/es\/wp-json\/wp\/v2\/types\/page"}],"author":[{"embeddable":true,"href":"https:\/\/ciamerceframis.com\/es\/wp-json\/wp\/v2\/users\/1"}],"replies":[{"embeddable":true,"href":"https:\/\/ciamerceframis.com\/es\/wp-json\/wp\/v2\/comments?post=47"}],"version-history":[{"count":24,"href":"https:\/\/ciamerceframis.com\/es\/wp-json\/wp\/v2\/pages\/47\/revisions"}],"predecessor-version":[{"id":943,"href":"https:\/\/ciamerceframis.com\/es\/wp-json\/wp\/v2\/pages\/47\/revisions\/943"}],"wp:attachment":[{"href":"https:\/\/ciamerceframis.com\/es\/wp-json\/wp\/v2\/media?parent=47"}],"curies":[{"name":"wp","href":"https:\/\/api.w.org\/{rel}","templated":true}]}}